{"id":3789,"date":"2020-03-04T12:59:42","date_gmt":"2020-03-04T13:12:13","guid":{"rendered":"https:\/\/evotek.md\/?post_type=product&#038;p=3789"},"modified":"2023-03-02T16:03:37","modified_gmt":"2023-03-02T16:03:37","slug":"mini-saladetta-67l-m-09400870","status":"publish","type":"product","link":"https:\/\/evotek.md\/ro\/produse\/echipamente-frigorifice\/vitrine-saladete\/mini-saladetta-67l-m-09400870\/","title":{"rendered":"VITRINA SALADETTA, GN1\/6&#215;8, 76.7 cm -M-09400870"},"content":{"rendered":"<p><strong>VITRINA SALADETTA, GN1\/6&#215;8, 76.7 cm -M-09400870- <\/strong>Mini saladett\u0103 de mas\u0103 convenabil\u0103 cu un design interesant \u0219i o capacitate de 67 de litri. Construc\u021bia \u0219i masa de lucru este din inox, acoperirea din sticl\u0103. Modelul este echipat cu un control digital al temperaturii \u0219i un sistem de r\u0103cire cu ventilatorul. Cicl unic de r\u0103cire pentru a reduce formarea ghe\u021bii.<\/p>\n<p>Caracteristici<br \/>\nVolum: 67 l<br \/>\nPentru 8 x 1\/6 GN sau 4 x 1\/3 GN<br \/>\nInclude 8 x 1\/6 GN 100mm<br \/>\nControl digital al temperaturii (DIXELL)<br \/>\nSistem de racire cu ventilator<br \/>\nVaporizator cu spum\u0103 pe trei p\u0103r\u021bi<br \/>\nCiclu unic de r\u0103cire pentru a reduce formarea de ghea\u021b\u0103<br \/>\nO\u021bel inoxidabil AISI 304 la interior \u0219i la exterior<br \/>\nAgent frigorific: R600a\/F\u0103r\u0103 CFC<br \/>\nGrosimea izola\u021biei: 35 mm<br \/>\nTemperatura: 0\u00b0 p\u00e2n\u0103 la +10\u00b0 Celsius<\/p>\n","protected":false},"excerpt":{"rendered":"<p>Mini saladett\u0103 de mas\u0103 cu o capacitate de 67 de litri. Dimensiuni: 767x612x328 mm; Capacitate: 8&#215;1\/ 6 GN sau 4x \/3 GN; Pentru 8&#215;1 \/ 6 GN sau 4 x 1\/3 GN; Vine cu 8&#215;1\/6 GN 100 mm; Agent de r\u0103cire \/ CFC gratuit; Grosime de izolare: 35 mm; Temperatur\u0103: 0 \u00b0 la + 10 \u00b0 Celsius; Greutate net\u0103: 25 kg; Conexiune: 230 V\/ 50 Hz\/ 1 faz 110 W.<\/p>\n","protected":false},"featured_media":3788,"template":"","meta":[],"_links":{"self":[{"href":"https:\/\/evotek.md\/ro\/wp-json\/wp\/v2\/product\/3789"}],"collection":[{"href":"https:\/\/evotek.md\/ro\/wp-json\/wp\/v2\/product"}],"about":[{"href":"https:\/\/evotek.md\/ro\/wp-json\/wp\/v2\/types\/product"}],"wp:featuredmedia":[{"embeddable":true,"href":"https:\/\/evotek.md\/ro\/wp-json\/wp\/v2\/media\/3788"}],"wp:attachment":[{"href":"https:\/\/evotek.md\/ro\/wp-json\/wp\/v2\/media?parent=3789"}],"curies":[{"name":"wp","href":"https:\/\/api.w.org\/{rel}","templated":true}]}}