{"id":37841,"date":"2023-06-14T12:19:21","date_gmt":"2023-06-14T12:19:21","guid":{"rendered":"https:\/\/evotek.md\/?post_type=product&#038;p=37841"},"modified":"2023-06-14T13:36:59","modified_gmt":"2023-06-14T13:36:59","slug":"mychef-mycha249","status":"publish","type":"product","link":"https:\/\/evotek.md\/ro\/produse\/echipamente-termice\/dospitor\/mychef-mycha249\/","title":{"rendered":"DOSPITOR 8 NIVELE, MANUAL -MYCHEF-MYCHA249"},"content":{"rendered":"<p><strong>DOSPITOR 8 NIVELE, MANUAL -MYCHEF-MYCHA249-<\/strong> Dozatorul se foloseste in unitati de catering, brutarii si cofetarii pentru dovada bucatilor de aluat, timp in care aluatul creste in volum si capata o suprafata neteda, i se reface porozitatea.<\/p>\n<p>Panou de control digital \u00eencorporat.<br \/>\nRegla\u021bi temperatura p\u00e2n\u0103 la 50 \u00baC<br \/>\nCrearea automat\u0103 a umidit\u0103\u021bii<br \/>\n\u0218ine deta\u0219abile distan\u021bate la 70 mm<br \/>\nUsa din sticla securizata cu grosimea de 6 mm<br \/>\nCamer\u0103 de aer pentru a preveni condensul \u00een partea de sus<br \/>\nUmplerea manual\u0103 a t\u0103vii de ap\u0103<br \/>\nRezervor frontal de condens<br \/>\nControl manual al umidit\u0103\u021bii<\/p>\n<p>Caracteristici<br \/>\nCapacitate: 8 nivele 600&#215;400<br \/>\nDistan\u021ba dintre nivele: 70 mm<br \/>\nTemperatura maxima: 50 \u00baC<br \/>\nDimensiuni (LxAx\u00ce): 760x780x760 mm<br \/>\nGreutate: 46 kg<br \/>\nDimensiuni pachet (LxAx\u00ce): 830x900x1090 mm<br \/>\nGreutate brut\u0103: 63 kg<br \/>\nPutere: 3 kW<br \/>\nTensiune: 230\/L+N\/50-60<br \/>\nPresiunea apei: 150 &#8211; 400<\/p>\n","protected":false},"excerpt":{"rendered":"<p>Dospitor manual. Capacitate: 8 nivele 600&#215;400 mm; Distan\u021ba dintre nivele: 70 mm; Temperatura maxima: 50 \u00baC; Dimensiuni (LxAx\u00ce): 760x780x760 mm; Greutate: 46 kg; Dimensiuni pachet (LxAx\u00ce): 830x900x1090 mm; Greutate brut\u0103: 63 kg; Putere: 3 kW; Tensiune: 230\/L+N\/50-60; Presiunea apei: 150 &#8211; 400.<\/p>\n","protected":false},"featured_media":37844,"template":"","meta":[],"_links":{"self":[{"href":"https:\/\/evotek.md\/ro\/wp-json\/wp\/v2\/product\/37841"}],"collection":[{"href":"https:\/\/evotek.md\/ro\/wp-json\/wp\/v2\/product"}],"about":[{"href":"https:\/\/evotek.md\/ro\/wp-json\/wp\/v2\/types\/product"}],"wp:featuredmedia":[{"embeddable":true,"href":"https:\/\/evotek.md\/ro\/wp-json\/wp\/v2\/media\/37844"}],"wp:attachment":[{"href":"https:\/\/evotek.md\/ro\/wp-json\/wp\/v2\/media?parent=37841"}],"curies":[{"name":"wp","href":"https:\/\/api.w.org\/{rel}","templated":true}]}}