{"id":37823,"date":"2023-06-14T11:38:03","date_gmt":"2023-06-14T11:38:03","guid":{"rendered":"https:\/\/evotek.md\/?post_type=product&#038;p=37823"},"modified":"2023-07-21T10:42:11","modified_gmt":"2023-07-21T10:42:11","slug":"mychef-bss6100d","status":"publish","type":"product","link":"https:\/\/evotek.md\/ro\/produse\/echipamente-termice\/cuptoare-cu-abur-2-teplovoe-oborudovanie\/mychef-bss6100d\/","title":{"rendered":"CUPTOR CU CONVECTIE, 6 NIVELE 600&#215;400 mm Bakershop AIR-S 6 -Mychef-BSS6100D"},"content":{"rendered":"<p><strong>CUPTOR CU CONVECTIE, 6 NIVELE 600&#215;400 mm Bakershop AIR-S 6 -Mychef-BSS6100D-<\/strong> Cuptorul cu convec\u021bie Distform MyChef Bakershop Air-S 6 t\u0103vi 60&#215;40, dreapta, este destinat g\u0103tirii diverselor feluri de m\u00e2ncare, coacerii produselor de panifica\u021bie \u0219i cofet\u0103rie \u00een industria alimentar\u0103, catering \u0219i comer\u021b . Modelul este echipat cu un panou de control electronic, un ventilator cu 2 viteze.<\/p>\n<p>Caracteristici<br \/>\nInstalare: de masa<br \/>\nNumar de nivele: 6<br \/>\nDistan\u021ba dintre nivele: 75 mm<br \/>\nConexiune: Electricitate<br \/>\nFormat capacitate: 600&#215;400<br \/>\nManagement: electronic<br \/>\nSp\u0103l\u0103torie automat\u0103 auto: Nu<br \/>\nRegim de temperatur\u0103: +30&#8230;+260 \u00b0\u0421<br \/>\nDimensiunea tavii: 600&#215;400 mm<br \/>\nRevers: Da<br \/>\nNumar de ventilatoare: 1<br \/>\nNum\u0103rul de viteze ale ventilatorului: 2<br \/>\nIluminare de fundal: Da<br \/>\nMaterial camera de lucru: otel inoxidabil<br \/>\nPutere: 10,5 kW<br \/>\nTensiune: 380 V<br \/>\nInaltime: 840 cm<br \/>\nLatime: 830 cm<br \/>\nAd\u00e2ncime: 910 cm<br \/>\nGreutate ambalat\u0103: 84 kg<\/p>\n","protected":false},"excerpt":{"rendered":"<p>Cuptor cu convec\u021bie. Instalare: de masa; Numar de nivele: 6; Distan\u021ba dintre nivele: 75 mm; Conexiune: Electricitate; Format capacitate: 600&#215;400; Management: electronic; Sp\u0103l\u0103torie automat\u0103 auto: Nu; Regim de temperatur\u0103: +30&#8230;+260 \u00b0\u0421; Dimensiunea tavii: 600&#215;400 mm; Revers: Da; Numar de ventilatoare: 1; Num\u0103rul de viteze ale ventilatorului: 2; Iluminare de fundal: Da, Material camera de lucru: otel inoxidabil; Putere: 10,5 kW; Tensiune: 380 V<br \/>\nInaltime: 840 cm; Latime: 830 cm; Ad\u00e2ncime: 910 cm; Greutate ambalat\u0103: 84 kg.<\/p>\n","protected":false},"featured_media":37838,"template":"","meta":[],"_links":{"self":[{"href":"https:\/\/evotek.md\/ro\/wp-json\/wp\/v2\/product\/37823"}],"collection":[{"href":"https:\/\/evotek.md\/ro\/wp-json\/wp\/v2\/product"}],"about":[{"href":"https:\/\/evotek.md\/ro\/wp-json\/wp\/v2\/types\/product"}],"wp:featuredmedia":[{"embeddable":true,"href":"https:\/\/evotek.md\/ro\/wp-json\/wp\/v2\/media\/37838"}],"wp:attachment":[{"href":"https:\/\/evotek.md\/ro\/wp-json\/wp\/v2\/media?parent=37823"}],"curies":[{"name":"wp","href":"https:\/\/api.w.org\/{rel}","templated":true}]}}