{"id":37812,"date":"2023-06-14T09:19:46","date_gmt":"2023-06-14T09:25:42","guid":{"rendered":"https:\/\/evotek.md\/?post_type=product&#038;p=37812"},"modified":"2023-08-24T11:47:48","modified_gmt":"2023-08-24T11:47:48","slug":"mychef-bss4100a","status":"publish","type":"product","link":"https:\/\/evotek.md\/ro\/produse\/echipamente-termice\/cuptoare-cu-abur-2-teplovoe-oborudovanie\/mychef-bss4100a\/","title":{"rendered":"CUPTOR CU CONVECTIE, 4 NIVELE 600&#215;400 mm Bakershop AIR-S 4 -Mychef-BSS4100A"},"content":{"rendered":"<p><strong>CUPTOR CU CONVECTIE, 4 NIVELE 600&#215;400 mm Bakershop AIR-S 4 -Mychef-BSS4100A<\/strong>&#8211; Cuptoare cu convec\u021bie Mychef cu umiditate controlat\u0103. Gama Bakershop AIR-S este conceput\u0103 special pentru cantine, magazine de proximitate, supermarketuri si\u00a0restaurante cu retea de panifica\u021bie.<\/p>\n<p>Caracteristici<br \/>\nProductie: 60 baghete\/ora 192 croissante\/ora<br \/>\nFunc\u021bie: electric<br \/>\nTensiune: 400\/3L+N\/50-60V<br \/>\nPutere: 6300W<br \/>\nNum\u0103r de t\u0103vi: 4 (600&#215;400 mm)<br \/>\nLatime: 760 mm<br \/>\nAd\u00e2ncime: 760 mm<br \/>\nInaltime: 522 mm<br \/>\nGreutate: 58 kg<br \/>\nDistan\u021ba dintre nivele: 75 mm<br \/>\nModuri de g\u0103tit: convec\u021bie \u0219i mixt (convec\u021bie plus umiditate).<\/p>\n","protected":false},"excerpt":{"rendered":"<p>Productie: 60 baghete\/ora 192 croissante\/ora;Func\u021bie: electric; Tensiune: 400\/3L+N\/50-60V; Putere: 6300W; Num\u0103r de t\u0103vi: 4 (600x400mm); Latime: 760 mm; Ad\u00e2ncime: 760 mm; Inaltime: 522 mm; Greutate: 58 kg; Distan\u021ba dintre nivele: 75 mm; Moduri de g\u0103tit: convec\u021bie \u0219i mixt (convec\u021bie plus umiditate).<\/p>\n","protected":false},"featured_media":37811,"template":"","meta":[],"_links":{"self":[{"href":"https:\/\/evotek.md\/ro\/wp-json\/wp\/v2\/product\/37812"}],"collection":[{"href":"https:\/\/evotek.md\/ro\/wp-json\/wp\/v2\/product"}],"about":[{"href":"https:\/\/evotek.md\/ro\/wp-json\/wp\/v2\/types\/product"}],"wp:featuredmedia":[{"embeddable":true,"href":"https:\/\/evotek.md\/ro\/wp-json\/wp\/v2\/media\/37811"}],"wp:attachment":[{"href":"https:\/\/evotek.md\/ro\/wp-json\/wp\/v2\/media?parent=37812"}],"curies":[{"name":"wp","href":"https:\/\/api.w.org\/{rel}","templated":true}]}}