{"id":37800,"date":"2023-06-14T07:49:11","date_gmt":"2023-06-14T07:52:57","guid":{"rendered":"https:\/\/evotek.md\/?post_type=product&#038;p=37800"},"modified":"2023-06-14T07:56:12","modified_gmt":"2023-06-14T07:56:12","slug":"cuptor-cu-convectie-icook-6-gn-1-1-mychef-cie6140d","status":"publish","type":"product","link":"https:\/\/evotek.md\/ro\/produse\/echipamente-termice\/cuptoare-cu-convectie-cuptoare\/cuptor-cu-convectie-icook-6-gn-1-1-mychef-cie6140d\/","title":{"rendered":"CUPTOR CU CONVECTIE iCook 6 GN 1\/1 -Mychef-CIE6140D"},"content":{"rendered":"<p><strong>CUPTOR CU CONVECTIE iCook 6 GN 1\/1 -Mychef-CIE6140D-<\/strong> Cuptor cu convec\u021bie profesional cu tehnologie inovatoare &#8211; 6 t\u0103vi GN 1\/1. Mychef COOK este un cuptor mixt profesional cu abur-convec\u021bie care g\u0103te\u0219te la fel ca tine: simplu \u0219i practic. Tehnologia de operare inovatoare, controlul optimizat \u0219i materialele de \u00eenalt\u0103 calitate \u00eel fac echipamentul ideal pentru restaurante, hoteluri \u0219i toate unit\u0103\u021bile de catering.<\/p>\n<p>Mychef COOK ofer\u0103 rezultate superioare de g\u0103tit \u0219i o textur\u0103 uniform\u0103 pentru toate tipurile de alimente \u00een mai pu\u021bin timp \u0219i indiferent de con\u021binutul \u0219i num\u0103rul de t\u0103vi necesare \u00een buc\u0103t\u0103riile din ce \u00een ce mai solicitante de ast\u0103zi.<\/p>\n<p>Caracteristici<br \/>\nDimensiuni: (LxPxA) 760x725x750 mm<br \/>\nAlimentare: 400VAC<br \/>\nPutere: 9,3 kW<br \/>\n\u00cenc\u0103lzirea camerei: \u00eenc\u0103lzitoare electrice INCOLOY<br \/>\nCapacitate tav\u0103: 6 GN 1\/1<br \/>\nInaltime intre tavi: 68 mm<br \/>\nControl: panou tactil de 10 inchi<br \/>\nCronometru: software &#8220;JIT&#8221; &#8211; g\u0103tit Just in Time, 0-180 minute, ciclu continuu, g\u0103tit peste noapte<br \/>\nPort USB: re\u021bete de preg\u0103tire pentru scriere \/ actualizare firmware<br \/>\nProgramare: 400 de programe, FastMenu, fiecare program are pana la 10 faze de lucru<br \/>\nTemperatura de lucru: 30\u00ba-280\u00baC<br \/>\nSond\u0103 principal\u0103: sond\u0103 multipunct \u00d8 3 mm<br \/>\nMod de func\u021bionare cuptor: 3 moduri: convec\u021bie, abur, combinat<br \/>\nVentilator: 4 viteze &#8211; reversibil<br \/>\nSistem de umidificare: Sistem patentat MultiSteam<br \/>\nCiclu de r\u0103cire a camerei: cu u\u0219a deschis\u0103 sau \u00eenchis\u0103<br \/>\n\u00centre\u021binerea camerei: sistem de autocur\u0103\u021bare \u00eencorporat<br \/>\nUsa cuptor: geam triplu cu perdea de aer<br \/>\nIluminare interioara: LED<br \/>\nMaterial de construc\u021bie a camerei: O\u021aEL INOX AISI 304<br \/>\nMaterial caroserie: OTEL INOX AISI 304<br \/>\nAlimentare cu ap\u0103: supap\u0103 de \u00be&#8221;.<br \/>\nAp\u0103 uzat\u0103: \u00d8 40 mm<br \/>\nGreutate: 80 kg<br \/>\nStandarde si conformitate: certificat CE<br \/>\nAccesorii optionale: accesoriu broiler pui, accesoriu frigarui, gratar, cos de cartofi prajiti, farfurie pentru pizza, gratar cu suporturi pentru tavi<br \/>\nProducator: Mychef Spania<\/p>\n","protected":false},"excerpt":{"rendered":"<p>Cuptor cu convec\u021bie Mychef. Dimensiuni: (LxPxA) 760x725x750 mm; Alimentare: 400VAC; Putere: 9,3 kW; \u00cenc\u0103lzirea camerei: \u00eenc\u0103lzitoare electrice INCOLOY; Capacitate tav\u0103: 6 GN 1\/1; Inaltime intre tavi: 68 mm; Control: panou tactil 10&#8243;; Programare: 400 de programe, FastMenu, \u00een fiecare program p\u00e2n\u0103 la 10 faze de lucru; Temperatura de func\u021bionare: 30\u00ba-280\u00baC; Sond\u0103 principal\u0103: sond\u0103 multipunct \u00d8 3 mm.<\/p>\n","protected":false},"featured_media":37799,"template":"","meta":[],"_links":{"self":[{"href":"https:\/\/evotek.md\/ro\/wp-json\/wp\/v2\/product\/37800"}],"collection":[{"href":"https:\/\/evotek.md\/ro\/wp-json\/wp\/v2\/product"}],"about":[{"href":"https:\/\/evotek.md\/ro\/wp-json\/wp\/v2\/types\/product"}],"wp:featuredmedia":[{"embeddable":true,"href":"https:\/\/evotek.md\/ro\/wp-json\/wp\/v2\/media\/37799"}],"wp:attachment":[{"href":"https:\/\/evotek.md\/ro\/wp-json\/wp\/v2\/media?parent=37800"}],"curies":[{"name":"wp","href":"https:\/\/api.w.org\/{rel}","templated":true}]}}