{"id":37783,"date":"2023-06-13T10:43:44","date_gmt":"2023-06-13T10:43:45","guid":{"rendered":"https:\/\/evotek.md\/?post_type=product&#038;p=37783"},"modified":"2023-06-13T10:51:48","modified_gmt":"2023-06-13T10:51:48","slug":"st-477771","status":"publish","type":"product","link":"https:\/\/evotek.md\/ro\/produse\/accesorii-si-inventar-bucatarie\/accesorii-pentru-bar\/st-477771\/","title":{"rendered":"GALEATA PENTRU STICLE DE SAMPANIE 4,5 LITRI -ST-477771"},"content":{"rendered":"<p><strong>GALEATA PENTRU STICLE DE SAMPANIE 4,5 LITRI -ST-477771-<\/strong> Galeata este folosita in restaurante pentru a servi sampanie rece. G\u0103leat\u0103 pentru ghea\u021b\u0103 \u0219i \u0219ampanie este realizat\u0103 din o\u021bel inoxidabil 18\/10 de \u00eenalt\u0103 calitate. Acesta este cel mai rezistent material cu caracteristici anticorozive ridicate. O g\u0103leat\u0103 pentru \u0219ampanie este un atribut interesant \u0219i indispensabil al unei mese profesioniste \u00eentr-un restaurant, cafenea, bar \u0219i pub.<\/p>\n<p>Caracteristici<br \/>\nDimensiune: 210x(H)205<br \/>\nVolum: 4,5 l<br \/>\nG\u0103leat\u0103 pentru \u0219ampanie Stalgast<\/p>\n","protected":false},"excerpt":{"rendered":"<p>Galeata pentru a men\u021bine sampania rece. Dimensiune: 210x(H)205; Volum: 4,5 l; G\u0103leat\u0103 pentru \u0219ampanie Stalgast.<\/p>\n","protected":false},"featured_media":37785,"template":"","meta":[],"_links":{"self":[{"href":"https:\/\/evotek.md\/ro\/wp-json\/wp\/v2\/product\/37783"}],"collection":[{"href":"https:\/\/evotek.md\/ro\/wp-json\/wp\/v2\/product"}],"about":[{"href":"https:\/\/evotek.md\/ro\/wp-json\/wp\/v2\/types\/product"}],"wp:featuredmedia":[{"embeddable":true,"href":"https:\/\/evotek.md\/ro\/wp-json\/wp\/v2\/media\/37785"}],"wp:attachment":[{"href":"https:\/\/evotek.md\/ro\/wp-json\/wp\/v2\/media?parent=37783"}],"curies":[{"name":"wp","href":"https:\/\/api.w.org\/{rel}","templated":true}]}}