{"id":37777,"date":"2023-06-13T10:23:51","date_gmt":"2023-06-13T10:23:51","guid":{"rendered":"https:\/\/evotek.md\/?post_type=product&#038;p=37777"},"modified":"2023-06-13T10:37:47","modified_gmt":"2023-06-13T10:37:47","slug":"st-472200","status":"publish","type":"product","link":"https:\/\/evotek.md\/ro\/produse\/accesorii-si-inventar-bucatarie\/accesorii-pentru-bar\/st-472200\/","title":{"rendered":"MADLER PENTRU FRUCTE 210 mm ST-472200"},"content":{"rendered":"<p><strong>MADLER PENTRU FRUCTE 210 mm ST-472200-<\/strong> Madler pentru fructe, este un instrument specializat pentru bar. Madler este destinat prepararii de cocktailuri, smoothie-uri, deserturi cu fructe.Usor framanta ingredientele intr-un bol special sau shaker pentru a obtine un suc natural proaspat, aromat si nelimitat pentru diverse retete. Acest model se ispr\u0103ve\u0219te cu diverse fructe, fructe de p\u0103dure, ierburi \u0219i frunze, precum \u0219i pentru m\u0103cinarea \u0219i amestecarea tuturor componentelor p\u00e2n\u0103 la o mas\u0103 omogen\u0103. Madler Stalgast 472200 din plastic, la cerere puteti cumpara otel inoxidabil, lemn sau otel. Lungime &#8211; 21 cm.\u021aara de origine &#8211; Polonia.<\/p>\n<p>Caracteristici<br \/>\nGreutate neta: 0,1 kg<br \/>\nTip echipament: Madler<br \/>\nMaterial corp: plastic<br \/>\nDimensiune: 210 mm<br \/>\nTara de productie: Polonia<br \/>\nCuloare caroserie: negru<\/p>\n","protected":false},"excerpt":{"rendered":"<p>Madler pentru fructe. Greutate neta: 0,1 kg; Tip echipament: Madler; Material corp: plastic; Dimensiune: 210 mm; Tara de productie: Polonia; Culoare caroserie: negru.<\/p>\n","protected":false},"featured_media":37779,"template":"","meta":[],"_links":{"self":[{"href":"https:\/\/evotek.md\/ro\/wp-json\/wp\/v2\/product\/37777"}],"collection":[{"href":"https:\/\/evotek.md\/ro\/wp-json\/wp\/v2\/product"}],"about":[{"href":"https:\/\/evotek.md\/ro\/wp-json\/wp\/v2\/types\/product"}],"wp:featuredmedia":[{"embeddable":true,"href":"https:\/\/evotek.md\/ro\/wp-json\/wp\/v2\/media\/37779"}],"wp:attachment":[{"href":"https:\/\/evotek.md\/ro\/wp-json\/wp\/v2\/media?parent=37777"}],"curies":[{"name":"wp","href":"https:\/\/api.w.org\/{rel}","templated":true}]}}