{"id":37748,"date":"2023-06-08T06:54:55","date_gmt":"2023-06-08T06:54:54","guid":{"rendered":"https:\/\/evotek.md\/?post_type=product&#038;p=37748"},"modified":"2023-06-08T07:04:29","modified_gmt":"2023-06-08T07:04:29","slug":"ugolini-ng-6-2-electronic","status":"publish","type":"product","link":"https:\/\/evotek.md\/ro\/produse\/echipamente-pentru-bar-si-cafea\/racitor-de-sucuri-3\/ugolini-ng-6-2-electronic\/","title":{"rendered":"GRANITOR CU DOUA RECIPIENTE, 6+6 LITRI -Ugolini NG 6\/2 Electronic"},"content":{"rendered":"<p><strong>GRANITOR CU DOUA RECIPIENTE, 6+6 LITRI -Ugolini NG 6\/2 Electronic<\/strong>&#8211; Extrem de compact si usor de folosit, va permite sa pregatiti serbeturi, creme congelate si cocktail-uri pentru a va satisface clientii pe tot parcursul anului. O zon\u0103 mare de expunere pentru cea mai bun\u0103 promovare a produsului dumneavoastr\u0103, precum \u0219i un design unic \u0219i elegant, fac din acest aparat un obiect indispensabil pentru unit\u0103\u021bile de catering de prim\u0103 clas\u0103. Un produs exclusiv italian, creat din pasiunea \u0219i experien\u021ba unui lider de pia\u021b\u0103 de 70 de ani.<\/p>\n<p>Caracteristici<br \/>\nTip de instalare: de masa<br \/>\nTip control: digital<br \/>\nNumar de containere: 2<br \/>\nCapacitate: 6 + 6 l<br \/>\nProductivitate: 160 por\u021bii la 75 g\/or\u0103<br \/>\nAgent frigorific: R 452A<br \/>\nTip de r\u0103cire compresor: Aer<br \/>\nConsum de energie: 0,7 kV<br \/>\nAlimentare: 230\/50 V\/Hz<br \/>\nDimensiuni: GxLxA: 480x400x620 mm<br \/>\nGreutate: 46 kg<\/p>\n","protected":false},"excerpt":{"rendered":"<p>Granitor pentru congelarea sucurilor. Tip de instalare: de masa; Tip control: digital; Numar de containere: 2; Capacitate: 6 + 6 l; Productivitate: 160 por\u021bii la 75 g\/or\u0103; Agent frigorific: R 452A; Tip de r\u0103cire compresor: Aer; Consum de energie: 0,7 kV; Alimentare: 230\/50 V\/Hz; Dimensiuni: GxLxA: 480x400x620 mm; Greutate: 46 kg.<\/p>\n","protected":false},"featured_media":40357,"template":"","meta":[],"_links":{"self":[{"href":"https:\/\/evotek.md\/ro\/wp-json\/wp\/v2\/product\/37748"}],"collection":[{"href":"https:\/\/evotek.md\/ro\/wp-json\/wp\/v2\/product"}],"about":[{"href":"https:\/\/evotek.md\/ro\/wp-json\/wp\/v2\/types\/product"}],"wp:featuredmedia":[{"embeddable":true,"href":"https:\/\/evotek.md\/ro\/wp-json\/wp\/v2\/media\/40357"}],"wp:attachment":[{"href":"https:\/\/evotek.md\/ro\/wp-json\/wp\/v2\/media?parent=37748"}],"curies":[{"name":"wp","href":"https:\/\/api.w.org\/{rel}","templated":true}]}}