{"id":37743,"date":"2023-06-08T06:34:37","date_gmt":"2023-06-08T06:34:37","guid":{"rendered":"https:\/\/evotek.md\/?post_type=product&#038;p=37743"},"modified":"2023-06-08T07:04:57","modified_gmt":"2023-06-08T07:04:57","slug":"ugolini-ng-6-1-electronic","status":"publish","type":"product","link":"https:\/\/evotek.md\/ro\/produse\/echipamente-pentru-bar-si-cafea\/racitor-de-sucuri-3\/ugolini-ng-6-1-electronic\/","title":{"rendered":"GRANITOR CU UN RECIPIENT, 6 LITRI -Ugolini NG 6\/1 Electronic"},"content":{"rendered":"<p><strong>GRANITOR CU UN RECIPIENT, 6 LITRI -Ugolini NG 6\/1 Electronic-<\/strong> Extrem de compact si usor de folosit, va permite sa pregatit serbet, creme congelate si cocktail-uri pentru a va satisface clientii pe tot parcursul anului. O zon\u0103 mare de expunere pentru cea mai bun\u0103 promovare a produsului dumneavoastr\u0103, precum \u0219i un design unic \u0219i elegant, fac din acest aparat un obiect indispensabil pentru unit\u0103\u021bile de catering de prim\u0103 clas\u0103. Un produs exclusiv italian, creat din pasiunea \u0219i experien\u021ba unui lider de pia\u021b\u0103 de 70 de ani.<\/p>\n<p>Caracteristici<br \/>\nTip de instalare: de masa<br \/>\nTip control: digital<br \/>\nNumar de containere: 1<br \/>\nCapacitate: 6 l<br \/>\nProductivitate: 80 por\u021bii la 75 g\/or\u0103<br \/>\nLichid de r\u0103cire: R 134A<br \/>\nTip de r\u0103cire compresor: Aer<br \/>\nConsum de energie, kV: 0,42<br \/>\nAlimentare V\/Hz: 230\/50<br \/>\nDimensiuni GxLxA: 480x200x620 mm<br \/>\nGreutate: 28,5 kg<\/p>\n","protected":false},"excerpt":{"rendered":"<p>Granitor pentru congelarea sucurilor. Tip de instalare: de masa; Tip control: digital; Numar de containere: 1; Capacitate: 6 l; Productivitate: 80 por\u021bii la 75 g\/or\u0103; Lichid de r\u0103cire: R 134A; Tip de r\u0103cire compresor: Aer; Consum de energie, kV: 0,42; Alimentare V\/Hz: 230\/50; Dimensiuni GxLxA: 480x200x620 mm; Greutate: 28,5 kg.<\/p>\n","protected":false},"featured_media":37747,"template":"","meta":[],"_links":{"self":[{"href":"https:\/\/evotek.md\/ro\/wp-json\/wp\/v2\/product\/37743"}],"collection":[{"href":"https:\/\/evotek.md\/ro\/wp-json\/wp\/v2\/product"}],"about":[{"href":"https:\/\/evotek.md\/ro\/wp-json\/wp\/v2\/types\/product"}],"wp:featuredmedia":[{"embeddable":true,"href":"https:\/\/evotek.md\/ro\/wp-json\/wp\/v2\/media\/37747"}],"wp:attachment":[{"href":"https:\/\/evotek.md\/ro\/wp-json\/wp\/v2\/media?parent=37743"}],"curies":[{"name":"wp","href":"https:\/\/api.w.org\/{rel}","templated":true}]}}