{"id":37731,"date":"2023-06-07T14:47:42","date_gmt":"2023-06-07T14:47:42","guid":{"rendered":"https:\/\/evotek.md\/?post_type=product&#038;p=37731"},"modified":"2023-06-07T14:55:31","modified_gmt":"2023-06-07T14:55:31","slug":"ugur-udd-370-dtk-bk","status":"publish","type":"product","link":"https:\/\/evotek.md\/ro\/produse\/echipamente-frigorifice\/dulap-frigorific-congelare\/ugur-udd-370-dtk-bk\/","title":{"rendered":"DULAP CONGELATOR CU USA OARBA 300 LITRI -UGUR UDD 370 DTK BK"},"content":{"rendered":"<p><strong>DULAP CONGELATOR CU USA OARBA 300 LITRI -UGUR UDD 370 DTK BK-<\/strong> Congelatorul UGUR UDD 370 DTK BK este conceput pentru demonstrarea, congelarea \u0219i depozitarea pe termen lung a produselor, semifabricatelor \u0219i \u00eenghe\u021batei la unit\u0103\u021bile de alimenta\u021bie \u0219i comer\u021b. Modelul este echipat cu 2 rafturi cu zabrele, un termostat mecanic si iluminare interioara.<\/p>\n<p>Caracteristici<br \/>\nInterval de temperatur\u0103: -22 p\u00e2n\u0103 la -12 \u00b0C<br \/>\nVolum 300 l<br \/>\nVolum util: 270 l<br \/>\nNumar de rafturi: 6<br \/>\nNumar de usi: 1<br \/>\nConsum zilnic de energie: 5 kWh<br \/>\nDimensiuni congelator: 475x440x1550 mm<br \/>\nSistem de racire: dinamic<br \/>\nExecutie: usi oarbe<br \/>\nTensiune: 220V<br \/>\nConsum de energie: 0,208 kW<br \/>\nLatime: 595 mm<br \/>\nAd\u00e2ncime: 640 mm<br \/>\nInaltime: 1840 mm<br \/>\nGreutate (fara ambalaj): 69,8 kg<br \/>\nculoare alba<\/p>\n","protected":false},"excerpt":{"rendered":"<p>Dulap congelator, cu o u\u0219\u0103.\u00a0 Interval de temperatur\u0103: -22 p\u00e2n\u0103 la -12 \u00b0C; Volum 300 l; Volum util: 270 l; Numar de rafturi: 6; Numar de usi: 1; Consum zilnic de energie: 5 kWh; Dimensiuni congelator: 475x440x1550 mm; Sistem de racire: dinamic; Executie: usi oarbe; Tensiune: 220V; Consum de energie: 0,208 kW; Latime: 595 mm; Ad\u00e2ncime: 640 mm; Inaltime: 1840 mm; Greutate (fara ambalaj): 69,8 kg; culoare alba.<\/p>\n","protected":false},"featured_media":37734,"template":"","meta":[],"_links":{"self":[{"href":"https:\/\/evotek.md\/ro\/wp-json\/wp\/v2\/product\/37731"}],"collection":[{"href":"https:\/\/evotek.md\/ro\/wp-json\/wp\/v2\/product"}],"about":[{"href":"https:\/\/evotek.md\/ro\/wp-json\/wp\/v2\/types\/product"}],"wp:featuredmedia":[{"embeddable":true,"href":"https:\/\/evotek.md\/ro\/wp-json\/wp\/v2\/media\/37734"}],"wp:attachment":[{"href":"https:\/\/evotek.md\/ro\/wp-json\/wp\/v2\/media?parent=37731"}],"curies":[{"name":"wp","href":"https:\/\/api.w.org\/{rel}","templated":true}]}}