{"id":37723,"date":"2023-06-07T14:23:51","date_gmt":"2023-06-07T14:23:51","guid":{"rendered":"https:\/\/evotek.md\/?post_type=product&#038;p=37723"},"modified":"2023-07-07T10:01:16","modified_gmt":"2023-07-07T10:01:16","slug":"dulap-frigorific-cu-usa-din-sticla-657-litri-ugur-uss-690-dtkl","status":"publish","type":"product","link":"https:\/\/evotek.md\/ro\/produse\/echipamente-frigorifice\/dulapuri-frigorifice\/dulap-frigorific-cu-usa-din-sticla-657-litri-ugur-uss-690-dtkl\/","title":{"rendered":"DULAP FRIGORIFIC CU USA DIN STICLA, 657 LITRI -UGUR USS 690 DTKL"},"content":{"rendered":"<p><strong>DULAP FRIGORIFIC CU USA DIN STICLA, 657 LITRI -UGUR USS 690 DTKL<\/strong>&#8211; Dulapul frigorific UGUR USS 690 DTKL este conceput pentru sectorul retail \u0219i este solu\u021bia optim\u0103 pentru depozitarea produselor dumneavoastr\u0103, precum sticle, cutii de b\u0103uturi r\u0103coritoare, precum \u0219i bere, legume, fructe, culori.<\/p>\n<p>Caracteristici<br \/>\nInterval de temperatur\u0103: 1 p\u00e2n\u0103 la 10 \u00b0C<br \/>\nVolum 657 l<br \/>\nClasa climatica: 4+ (30\u0421\/55%RH)<br \/>\nNumar de rafturi: 5<br \/>\nCapacitate sticle: (330 ml) \/ sticle (500 ml): 770 \/ 385<br \/>\nDimensiuni interioare: 702x555x1682 mm<br \/>\nR\u0103cire: dinamic\u0103<br \/>\nUnitate frigorific\u0103: \u00eencorporat\u0103<br \/>\nVersiune u\u0219\u0103: transparent\u0103<br \/>\nTensiune: 220V<br \/>\nConsum de energie: 0,212 kW\/h<br \/>\nLatime: 780 mm<br \/>\nAd\u00e2ncime: 705 mm<br \/>\nInaltime: 2080 mm<br \/>\nGreutate (fara ambalaj): 123 kg<br \/>\nculoare alba<\/p>\n","protected":false},"excerpt":{"rendered":"<p>Dulap frigorific pentru bauturi 657 litri. Interval de temperatur\u0103: 1 p\u00e2n\u0103 la 10 \u00b0C; Volum 657 l; Clasa climatica: 4+ (30\u0421\/55%RH); Numar de rafturi: 5; Capacitate sticle: (330 ml) \/ sticle (500 ml): 770 \/ 385; Dimensiuni interioare: 702x555x1682 mm; R\u0103cire: dinamic\u0103; Unitate frigorific\u0103: \u00eencorporat\u0103; Versiune u\u0219\u0103: transparent\u0103; Tensiune: 220V; Consum de energie: 0,212 kW\/h; Latime: 780 mm; Ad\u00e2ncime: 705 mm; Inaltime: 2080 mm; Greutate (fara ambalaj): 123 kg<br \/>\nculoare alba.<\/p>\n","protected":false},"featured_media":37726,"template":"","meta":[],"_links":{"self":[{"href":"https:\/\/evotek.md\/ro\/wp-json\/wp\/v2\/product\/37723"}],"collection":[{"href":"https:\/\/evotek.md\/ro\/wp-json\/wp\/v2\/product"}],"about":[{"href":"https:\/\/evotek.md\/ro\/wp-json\/wp\/v2\/types\/product"}],"wp:featuredmedia":[{"embeddable":true,"href":"https:\/\/evotek.md\/ro\/wp-json\/wp\/v2\/media\/37726"}],"wp:attachment":[{"href":"https:\/\/evotek.md\/ro\/wp-json\/wp\/v2\/media?parent=37723"}],"curies":[{"name":"wp","href":"https:\/\/api.w.org\/{rel}","templated":true}]}}