{"id":37710,"date":"2023-06-07T13:53:15","date_gmt":"2023-06-07T13:53:15","guid":{"rendered":"https:\/\/evotek.md\/?post_type=product&#038;p=37710"},"modified":"2023-06-07T14:17:45","modified_gmt":"2023-06-07T14:17:45","slug":"udd-400-bk","status":"publish","type":"product","link":"https:\/\/evotek.md\/ro\/produse\/echipamente-frigorifice\/lada-frigorifica-pentru-congelare\/udd-400-bk\/","title":{"rendered":"LADA FRIGORIFICA PENTRU CONGELARE, USA OARBA 401 LITRI UGUR-UDD 400 BK"},"content":{"rendered":"<p><strong>LADA FRIGORIFICA PENTRU CONGELARE, USA OARBA 401 LITRI UGUR-UDD 400 BK-<\/strong> Congelatorul lad\u0103 este conceput pentru congelarea \u0219i depozitarea pe termen lung a produselor \u0219i semifabricatelor la unit\u0103\u021bile de alimenta\u021bie \u0219i comer\u021b. Modelul este echipat cu un capac rabatabil, un termostat mecanic, iluminare interioara, un condensator incorporat fara intretinere si o scurgere de dezghetare.<\/p>\n<p>Setul de livrare include o raclet\u0103 pentru cur\u0103\u021bare.<\/p>\n<p><strong>*Cosurile nu sunt incluse si trebuie achizitionate separat.<\/strong><\/p>\n<p>Particularitati:<br \/>\nR\u0103cire static\u0103<br \/>\nDezghetare manuala<br \/>\nAgent frigorific: R600a<br \/>\nClasa climatica: 4<br \/>\nCaracteristici suplimentare:<\/p>\n<p>Caracteristici<br \/>\nDesign orizontal<br \/>\nInterval de temperatur\u0103: de la -25 la -15 \u00b0\u0421<br \/>\nVolum: 401 l, Utilizabil: 384 l<br \/>\nCapacitate: 5 cosuri<br \/>\nConsum zilnic de energie: 1,96 kWh<br \/>\nDimensiuni congelator: 1298x510x682 mm<br \/>\nDimensiuni ambalare: 1330x750x905 mm<br \/>\nCoperta: surd<br \/>\nTensiune: 220V<br \/>\nConsum de energie: 3,85 kWh<br \/>\nCuloarea corpului: alb<br \/>\nLatime: 1302 mm<br \/>\nAd\u00e2ncime: 715 mm<br \/>\nInaltime: 903 mm<br \/>\nGreutate: 84 kg<br \/>\n\u021aara de origine: Turcia<\/p>\n","protected":false},"excerpt":{"rendered":"<p>Lad\u0103 frigorific\u0103 pentru congelare. Design orizontal; Interval de temperatur\u0103: de la -25 la -15 \u00b0\u0421; Volum: 401 l, Utilizabil: 384 l; Capacitate: 5 cosuri; Consum zilnic de energie: 1,96 kWh; Dimensiuni congelator: 1298x510x682 mm; Dimensiuni ambalare: 1330x750x905 mm; Coperta: surd<br \/>\nTensiune: 220V; Consum de energie: 3,85 kWh; Culoarea corpului: alb; Latime: 1302 mm; Ad\u00e2ncime: 715 mm; Inaltime: 903 mm; Greutate: 84 kg; \u021aara de origine: Turcia.<\/p>\n","protected":false},"featured_media":37714,"template":"","meta":[],"_links":{"self":[{"href":"https:\/\/evotek.md\/ro\/wp-json\/wp\/v2\/product\/37710"}],"collection":[{"href":"https:\/\/evotek.md\/ro\/wp-json\/wp\/v2\/product"}],"about":[{"href":"https:\/\/evotek.md\/ro\/wp-json\/wp\/v2\/types\/product"}],"wp:featuredmedia":[{"embeddable":true,"href":"https:\/\/evotek.md\/ro\/wp-json\/wp\/v2\/media\/37714"}],"wp:attachment":[{"href":"https:\/\/evotek.md\/ro\/wp-json\/wp\/v2\/media?parent=37710"}],"curies":[{"name":"wp","href":"https:\/\/api.w.org\/{rel}","templated":true}]}}