{"id":37678,"date":"2023-06-07T10:46:07","date_gmt":"2023-06-07T10:46:07","guid":{"rendered":"https:\/\/evotek.md\/?post_type=product&#038;p=37678"},"modified":"2023-06-07T10:55:05","modified_gmt":"2023-06-07T10:55:05","slug":"cp42-pl","status":"publish","type":"product","link":"https:\/\/evotek.md\/ro\/produse\/echipamente-electromecanice\/feliator-paine\/cp42-pl\/","title":{"rendered":"FELIATOR DE PAINE, DE MASA, CU O SINGURA VITEZA 420 mm Rollmatic -CP42-PL"},"content":{"rendered":"<p><strong>FELIATOR DE PAINE, DE MASA, CU O SINGURA VITEZA 420 mm Rollmatic -CP42-PL<\/strong>&#8211; Feliator automat de p\u00e2ine cu o singur\u0103 vitez\u0103. Potrivit pentru magazine \u0219i uz general. Datorit\u0103 u\u0219urin\u021bei sale de utilizare, este potrivit\u0103 \u00een special pentru magazinele cu am\u0103nuntul. Capac de protectie din otel cu inchidere si deschidere automata. U\u0219\u0103 din fa\u021b\u0103 pentru colectarea produselor cu dispozitiv de protec\u021bie.<\/p>\n<p>Caracteristici<br \/>\nAlimentare: 380 V<br \/>\nPutere: 0,75 kW<br \/>\nLungime: 557 mm<br \/>\nMaterial: otel inoxidabil<br \/>\nInaltime: 594 mm<br \/>\nLatime: 603 mm<br \/>\nGreutate neta: 107 kg<br \/>\nDimensiunea p\u00e2inii max. 420 mm<br \/>\nGrosimea piesei: 10 mm<\/p>\n","protected":false},"excerpt":{"rendered":"<p>Feliator\u00a0<span style=\"font-size: 14.4px\">de p\u00e2ine cu o singura viteza<\/span><span style=\"font-size: 14.4px\">.<\/span><span style=\"font-size: 14.4px\"> Alimentare: 380 V; Putere: 0,75 kW; Lungime: 557 mm; Material: otel inoxidabil; Inaltime: 594 mm; Latime: 603 mm; Greutate neta: 107 kg; Dimensiunea p\u00e2inii max. 420 mm; Grosimea piesei: 10 mm.<\/span><\/p>\n","protected":false},"featured_media":37681,"template":"","meta":[],"_links":{"self":[{"href":"https:\/\/evotek.md\/ro\/wp-json\/wp\/v2\/product\/37678"}],"collection":[{"href":"https:\/\/evotek.md\/ro\/wp-json\/wp\/v2\/product"}],"about":[{"href":"https:\/\/evotek.md\/ro\/wp-json\/wp\/v2\/types\/product"}],"wp:featuredmedia":[{"embeddable":true,"href":"https:\/\/evotek.md\/ro\/wp-json\/wp\/v2\/media\/37681"}],"wp:attachment":[{"href":"https:\/\/evotek.md\/ro\/wp-json\/wp\/v2\/media?parent=37678"}],"curies":[{"name":"wp","href":"https:\/\/api.w.org\/{rel}","templated":true}]}}