{"id":37671,"date":"2023-06-07T10:35:43","date_gmt":"2023-06-07T10:35:43","guid":{"rendered":"https:\/\/evotek.md\/?post_type=product&#038;p=37671"},"modified":"2023-06-07T10:42:01","modified_gmt":"2023-06-07T10:42:01","slug":"rollmatic-c42","status":"publish","type":"product","link":"https:\/\/evotek.md\/ro\/produse\/echipamente-electromecanice\/feliator-paine\/rollmatic-c42\/","title":{"rendered":"FELIATOARE DE PAINE SEMI-AUTOMAT DE ASA 420 mm Rollmatic -C42"},"content":{"rendered":"<p><strong>FELIATOARE DE PAINE SEMI-AUTOMAT DE ASA 420 mm Rollmatic -C42<\/strong>&#8211; Felatorul de p\u00e2ine este conceput pentru t\u0103ierea produselor de panifica\u021bie \u00een felii \u00eengrijite de aceea\u0219i grosime, inclusiv p\u00e2ini lungi, precum \u0219i p\u00e2ine pentru tigaie \u0219i vatr\u0103, \u00een timp ce feliile sunt uniforme \u0219i uniforme ca grosime .<\/p>\n<p>Ma\u0219ina de t\u0103iat p\u00e2ine este semi-automat.<br \/>\nModel de masa pentru uz general.<br \/>\nVersiunile sunt disponibile cu dou\u0103 dimensiuni ale orificiilor de robinet 420 \u0219i 520 mm.<br \/>\nModelul C42, datorit\u0103 dimensiunilor sale compacte, poate fi utilizat \u00een magazine, brut\u0103rii mici \u0219i restaurante.<br \/>\nusor de manevrat, incarcare frontala<br \/>\ndistanta intre cutite 10 mm<br \/>\nlungimea maxim\u0103 a p\u00e2inii 420 mm,<br \/>\n\u00een\u0103l\u021bimea maxim\u0103 a p\u00e2inii 160 mm<br \/>\nConstruc\u021bie robust\u0103 \u0219i componente interne de \u00eenalt\u0103 calitate, care garanteaz\u0103 o func\u021bionare f\u0103r\u0103 probleme.<\/p>\n<p>Caracteristici<br \/>\nDistan\u021ba dintre cu\u021bite: 11 mm<br \/>\nLungimea maxim\u0103 a p\u00e2inii: 420 mm<br \/>\n\u00cen\u0103l\u021bimea p\u00e2inii: de la 60 la 160 mm<br \/>\nPutere: 0,75 kW<br \/>\nTensiune: 380V<br \/>\nDimensiuni: 651x603x752 mm<br \/>\nGreutate: 101 kg<\/p>\n","protected":false},"excerpt":{"rendered":"<p>Feliator\u00a0<span style=\"font-size: 14.4px\">de p\u00e2in e<\/span><span style=\"font-size: 14.4px\">semi automat.<\/span><span style=\"font-size: 14.4px\"> Distan\u021ba dintre cu\u021bite: 11 mm; <\/span>Lungimea maxim\u0103 a p\u00e2inii: 420 mm; \u00cen\u0103l\u021bimea p\u00e2inii: de la 60 la 160 mm; Putere: 0,75 kW; Tensiune: 380V; Dimensiuni: 651x603x752 mm; Greutate: 101 kg.<\/p>\n","protected":false},"featured_media":37676,"template":"","meta":[],"_links":{"self":[{"href":"https:\/\/evotek.md\/ro\/wp-json\/wp\/v2\/product\/37671"}],"collection":[{"href":"https:\/\/evotek.md\/ro\/wp-json\/wp\/v2\/product"}],"about":[{"href":"https:\/\/evotek.md\/ro\/wp-json\/wp\/v2\/types\/product"}],"wp:featuredmedia":[{"embeddable":true,"href":"https:\/\/evotek.md\/ro\/wp-json\/wp\/v2\/media\/37676"}],"wp:attachment":[{"href":"https:\/\/evotek.md\/ro\/wp-json\/wp\/v2\/media?parent=37671"}],"curies":[{"name":"wp","href":"https:\/\/api.w.org\/{rel}","templated":true}]}}