{"id":3767,"date":"2020-03-04T11:20:28","date_gmt":"2020-03-04T11:22:07","guid":{"rendered":"https:\/\/evotek.md\/?post_type=product&#038;p=3767"},"modified":"2023-02-21T09:46:33","modified_gmt":"2023-02-21T09:46:33","slug":"suprafata-de-prajit-pe-gaz-r86-lpg-remta","status":"publish","type":"product","link":"https:\/\/evotek.md\/ro\/produse\/echipamente-pentru-fast-food\/suprafete-de-prajire-2-oborudovanie-dlia-fast-food\/suprafata-de-prajit-pe-gaz-r86-lpg-remta\/","title":{"rendered":"SUPRAFATA DE PRAJIT PE GAZ, NETEDA+RIFLATA, DIN FONTA -REMTA-R86"},"content":{"rendered":"<p><strong>SUPRAFATA DE PRAJIT PE GAZ, NETEDA+RIFLATA, DIN FONTA -REMTA-R86- <\/strong>Proiectat pentru \u00eentreprinderile de fast-food. Aparatul garanteaz\u0103 prepararea perfect\u0103 a bucatelor. La acest model, jumate de suprafa\u021b\u0103 de pr\u0103jire este plat\u0103 \u0219i jumate riflat\u0103. Plita are indicatori datorit\u0103 c\u0103rora pute\u021bi regla temperatura. Aceast\u0103 suptafa\u021b\u0103 are picioare de cauciuc, ceea ce \u00eempiedic\u0103 alunecarea.<\/p>\n<p>Facilit\u0103\u021bi: Suprafa\u021ba de pr\u0103jire pe gaz. Plasament: de mas\u0103. Materialul carcasei: inox. Suprafa\u021ba de pr\u0103jit: font\u0103. Tipul suprafe\u021bei: jumate plat\u0103 \u0219i jumate riflat\u0103. Sistem de oprire automat\u0103 a incendiului. Reglarea debitului de gaz. Partea lateral\u0103 \u0219i pere\u021bii. Colector de gr\u0103sime demontabil.<\/p>\n<p>Caracteristici<\/p>\n<p>Dimensiuni: 530\u0445530\u0445250 mm<\/p>\n<p>Suprafata: 465&#215;390 mm<\/p>\n<p>Consumul de gaz: 0,3 m3 \/ h<\/p>\n<p>Greutate: 20.6 kg.<\/p>\n<p>&nbsp;<\/p>\n","protected":false},"excerpt":{"rendered":"<p>Suprafa\u021b\u0103 de pr\u0103jit pe gaz jumate plat\u0103 \u0219i jumate riflat\u0103, cu dimensiunea de 465&#215;390 mm. Dimensiuni generale: 530\u0445530\u0445250 mm; Consumul de gaz: 0,3 m3 \/ h; Greutate: 20.6 kg.<\/p>\n","protected":false},"featured_media":3765,"template":"","meta":[],"_links":{"self":[{"href":"https:\/\/evotek.md\/ro\/wp-json\/wp\/v2\/product\/3767"}],"collection":[{"href":"https:\/\/evotek.md\/ro\/wp-json\/wp\/v2\/product"}],"about":[{"href":"https:\/\/evotek.md\/ro\/wp-json\/wp\/v2\/types\/product"}],"wp:featuredmedia":[{"embeddable":true,"href":"https:\/\/evotek.md\/ro\/wp-json\/wp\/v2\/media\/3765"}],"wp:attachment":[{"href":"https:\/\/evotek.md\/ro\/wp-json\/wp\/v2\/media?parent=3767"}],"curies":[{"name":"wp","href":"https:\/\/api.w.org\/{rel}","templated":true}]}}