{"id":37666,"date":"2023-06-07T10:30:00","date_gmt":"2023-06-07T10:30:00","guid":{"rendered":"https:\/\/evotek.md\/?post_type=product&#038;p=37666"},"modified":"2023-06-07T10:34:04","modified_gmt":"2023-06-07T10:34:04","slug":"rollmatic-c42s","status":"publish","type":"product","link":"https:\/\/evotek.md\/ro\/produse\/echipamente-electromecanice\/feliator-paine\/rollmatic-c42s\/","title":{"rendered":"FELIATOARE DE PAINE 420 mm Rollmatic -C42S"},"content":{"rendered":"<p><strong>FELIATOARE DE PAINE 420 mm Rollmatic -C42S<\/strong>&#8211; Feliator de t\u0103iat p\u00e2ine Rollmatic C42S este utilizat\u0103 \u00een unit\u0103\u021bile de catering pentru t\u0103ierea rapid\u0103 a p\u00e2inii \u00een batoane, felii \u0219i cuburi de diferite grosimi \u00een cantit\u0103\u021bi mari. Echipamentul este echipat cu control manual, incarcare spate pentru performante ridicate, suprafata de lucru orizontala si baza pe roti.<\/p>\n<p>Caracteristici<br \/>\nInstalare: pe podea<br \/>\nGrosimea de t\u0103iere: de la 7 la 18 mm<br \/>\nLungimea p\u00e2inii: 420 mm<br \/>\nTensiune: 380V<br \/>\nPutere: 0,75 kW<br \/>\nLatime: 651 mm<br \/>\nAd\u00e2ncime: 747 mm<br \/>\nInaltime: 1215 mm<br \/>\nGreutate: (fara ambalaj) 135 kg<br \/>\nGreutate: (cu ambalaj) 142 kg<br \/>\nTara: fabricat in Italia<br \/>\n\u00cen\u0103l\u021bimea de t\u0103iere: 60 p\u00e2n\u0103 la 160 mm<\/p>\n","protected":false},"excerpt":{"rendered":"<p>Feliator automat de p\u00e2ine de uz general. Instalare: pe podea; Grosimea de t\u0103iere: de la 7 la 18 mm; Lungimea p\u00e2inii: 420 mm; Tensiune: 380V; Putere: 0,75 kW; Latime: 651 mm; Ad\u00e2ncime: 747 mm; Inaltime: 1215 mm; Greutate: (fara ambalaj) 135 kg; Greutate: (cu ambalaj) 142 kg; Tara: fabricat in Italia; \u00cen\u0103l\u021bimea de t\u0103iere: 60 p\u00e2n\u0103 la 160 mm.<\/p>\n","protected":false},"featured_media":37669,"template":"","meta":[],"_links":{"self":[{"href":"https:\/\/evotek.md\/ro\/wp-json\/wp\/v2\/product\/37666"}],"collection":[{"href":"https:\/\/evotek.md\/ro\/wp-json\/wp\/v2\/product"}],"about":[{"href":"https:\/\/evotek.md\/ro\/wp-json\/wp\/v2\/types\/product"}],"wp:featuredmedia":[{"embeddable":true,"href":"https:\/\/evotek.md\/ro\/wp-json\/wp\/v2\/media\/37669"}],"wp:attachment":[{"href":"https:\/\/evotek.md\/ro\/wp-json\/wp\/v2\/media?parent=37666"}],"curies":[{"name":"wp","href":"https:\/\/api.w.org\/{rel}","templated":true}]}}