{"id":37656,"date":"2023-06-07T10:15:21","date_gmt":"2023-06-07T10:15:21","guid":{"rendered":"https:\/\/evotek.md\/?post_type=product&#038;p=37656"},"modified":"2023-06-07T10:26:05","modified_gmt":"2023-06-07T10:26:05","slug":"cp42s","status":"publish","type":"product","link":"https:\/\/evotek.md\/ro\/produse\/echipamente-electromecanice\/feliator-paine\/cp42s\/","title":{"rendered":"FELIATOARE DE PAINE 420 mm Rollmatic -CP42S"},"content":{"rendered":"<p><strong>FELIATOARE DE PAINE 420 mm Rollmatic -CP42S-<\/strong> Feliator automat de p\u00e2ine de uz general. Versiunile sunt disponibile cu dou\u0103 dimensiuni ale orificiilor de robinet (420 \u0219i 520 mm). Modelul este potrivit pentru utilizare \u00een \u00eentreprinderile mici de panifica\u021bie. Moduri de t\u0103iere unic\u0103 \u0219i continu\u0103. Viteza este reglabila. Capac de protectie din otel cu inchidere si deschidere automata.<\/p>\n<p>Caracteristici<br \/>\nLungime: 557 mm<br \/>\nLatime: 747 mm<br \/>\nInaltime: 1171 mm<br \/>\nGreutate: 135 kg<br \/>\nTensiune: 380V<br \/>\n\u00cenc\u0103rcare spate<br \/>\nAbilitatea de a regla lungimea ciclului de t\u0103iere<br \/>\nTransportor frontal pentru linia de ambalare<br \/>\nReglarea \u00een\u0103l\u021bimii de t\u0103iere<br \/>\nSistem de oprire a ma\u0219inii c\u00e2nd containerul este deschis<br \/>\nSchimbare usoara a lamei<br \/>\nDimensiuni felie: latime 420 mm, inaltime 60-160 mm, grosime 18 mm<\/p>\n","protected":false},"excerpt":{"rendered":"<p>Feliator automat de p\u00e2ine de uz general. Lungime: 557 mm; Latime: 747 mm; Inaltime: 1171 mm; Greutate: 135 kg; Tensiune: 380V<br \/>\n\u00cenc\u0103rcare spate; Abilitatea de a regla lungimea ciclului de t\u0103iere; Transportor frontal pentru linia de ambalare; Reglarea \u00een\u0103l\u021bimii de t\u0103iere; Sistem de oprire a ma\u0219inii c\u00e2nd containerul este deschis; Schimbare usoara a lamei; Dimensiuni felie: latime 420 mm, inaltime 60-160 mm, grosime 18 mm.<\/p>\n","protected":false},"featured_media":37660,"template":"","meta":[],"_links":{"self":[{"href":"https:\/\/evotek.md\/ro\/wp-json\/wp\/v2\/product\/37656"}],"collection":[{"href":"https:\/\/evotek.md\/ro\/wp-json\/wp\/v2\/product"}],"about":[{"href":"https:\/\/evotek.md\/ro\/wp-json\/wp\/v2\/types\/product"}],"wp:featuredmedia":[{"embeddable":true,"href":"https:\/\/evotek.md\/ro\/wp-json\/wp\/v2\/media\/37660"}],"wp:attachment":[{"href":"https:\/\/evotek.md\/ro\/wp-json\/wp\/v2\/media?parent=37656"}],"curies":[{"name":"wp","href":"https:\/\/api.w.org\/{rel}","templated":true}]}}