{"id":3762,"date":"2020-03-04T11:12:37","date_gmt":"2020-03-04T11:12:37","guid":{"rendered":"https:\/\/evotek.md\/?post_type=product&#038;p=3762"},"modified":"2020-03-04T11:12:37","modified_gmt":"2020-03-04T11:12:37","slug":"suprafata-de-prajit-pe-gaz-r-96-lpg-remta","status":"publish","type":"product","link":"https:\/\/evotek.md\/ro\/produse\/echipamente-pentru-fast-food\/suprafete-de-prajire-2-oborudovanie-dlia-fast-food\/suprafata-de-prajit-pe-gaz-r-96-lpg-remta\/","title":{"rendered":"SUPRAFA\u021a\u0102 DE PR\u0102JIT PE GAZ -R 96 LPG REMTA"},"content":{"rendered":"<p><strong>SUPRAFA\u021a\u0102 <\/strong><strong>DE <\/strong><strong>PR\u0102<\/strong><strong>JIT <\/strong><strong>PE <\/strong><strong>GAZ <\/strong><strong>&#8211;<\/strong><strong>R 96 <\/strong><strong>LPG <\/strong><strong>REMTA- <\/strong>Proiectat pentru \u00eentreprinderile de fast-food. Aparatul garanteaz\u0103 prepararea perfect\u0103 a bucatelor. La acest model, toat\u0103 suprafa\u021ba de pr\u0103jire este plat\u0103. Plita are indicatori datorit\u0103 c\u0103rora pute\u021bi regla temperatura. Aceast\u0103 suptafa\u021b\u0103 are picioare de cauciuc, ceea ce \u00eempiedic\u0103 alunecarea.<\/p>\n<p>Facilit\u0103\u021bi: Suprafa\u021ba de pr\u0103jire pe gaz. Plasament: de mas\u0103. Materialul carcasei: inox. Suprafa\u021ba de pr\u0103jit: inox. Tipul suprafe\u021bei: absolut plat\u0103. Sistem de oprire automat\u0103 a incendiului. Reglarea debitului de gaz. Partea lateral\u0103 \u0219i pere\u021bii. Colector de gr\u0103sime demontabil.<\/p>\n<p>Caracteristici<\/p>\n<p>Dimensiuni: 300x600x310 mm<\/p>\n<p>Suprafata: 280\u0445450 mm<\/p>\n<p>Consumul de gaz: 0,3 m3 \/ h<\/p>\n<p>Greutate: 10 kg.<\/p>\n<p>&nbsp;<\/p>\n<p>&nbsp;<\/p>\n","protected":false},"excerpt":{"rendered":"<p>Suprafa\u021b\u0103 de pr\u0103jit pe gaz absolut plat\u0103, cu dimensiunea de 280\u0445450 mm. Dimensiuni generale: 300x600x310 mm; Consumul de gaz: 0,3 m3 \/ h; Greutate: 10 kg.<\/p>\n","protected":false},"featured_media":3760,"template":"","meta":[],"_links":{"self":[{"href":"https:\/\/evotek.md\/ro\/wp-json\/wp\/v2\/product\/3762"}],"collection":[{"href":"https:\/\/evotek.md\/ro\/wp-json\/wp\/v2\/product"}],"about":[{"href":"https:\/\/evotek.md\/ro\/wp-json\/wp\/v2\/types\/product"}],"wp:featuredmedia":[{"embeddable":true,"href":"https:\/\/evotek.md\/ro\/wp-json\/wp\/v2\/media\/3760"}],"wp:attachment":[{"href":"https:\/\/evotek.md\/ro\/wp-json\/wp\/v2\/media?parent=3762"}],"curies":[{"name":"wp","href":"https:\/\/api.w.org\/{rel}","templated":true}]}}