{"id":37615,"date":"2023-06-01T07:07:05","date_gmt":"2023-06-01T07:07:05","guid":{"rendered":"https:\/\/evotek.md\/?post_type=product&#038;p=37615"},"modified":"2023-06-01T07:21:37","modified_gmt":"2023-06-01T07:21:37","slug":"rollmatic-r60-14","status":"publish","type":"product","link":"https:\/\/evotek.md\/ro\/produse\/echipamente-electromecanice\/masina-pentru-indindere-aluat\/rollmatic-r60-14\/","title":{"rendered":"MASINA DE INTINS ALUAT, DE POTEA 1400&#215;600 mm -Rollmatic R60\/14"},"content":{"rendered":"<p><strong>MASINA DE INTINS ALUAT, DE POTEA 1400&#215;600 mm -Rollmatic R60\/15-<\/strong> Masina de intins aluat Rollmatic este folosita in intreprinderile alimentare si catering, brutarii si cofetarii pentru rularea aluatului si formarea bucatilor de aluat, inclusiv aluat tare pentru pelmeni, chebureks, pizza etc. Modelul este echipat cu pedal\u0103 de control, transmisie cu lan\u021b \u0219i ro\u021bi. Corpul este din otel vopsit, tava de sus pentru faina este din otel inoxidabil.<\/p>\n<p>Facilitati:<br \/>\nInversare de rulare cu butoane \u0219i pedal\u0103<br \/>\nTransportoare cu band\u0103 care ruleaz\u0103 la viteze diferite<br \/>\nGrile de protec\u021bie cu micro-\u00eentrerup\u0103tor \u0219i sistem de ridicare \u0219i cobor\u00e2re a pistonului<br \/>\nSetare de cobor\u00e2re a tamburului la scar\u0103 mare<br \/>\nMese rabatabile si detasabile<\/p>\n<p>Caracteristici<br \/>\nViteza de rulare: 30 m\/min<br \/>\nDimensiune band\u0103 rulant\u0103: 1400&#215;600 mm<br \/>\nDiametru rulouri: 600 mm<br \/>\nTip: ma\u0219in\u0103 de \u00eentins aluat conveyer<br \/>\nMontaj: la podea<br \/>\nAluat dreptunghiular<br \/>\nLatime de rulare: 600 mm<br \/>\nGrosimea rul\u0103rii: de la 0,2 la 48 mm<br \/>\nNum\u0103r de rulouri: 1 bucat\u0103<br \/>\nPedala: Da<br \/>\nFunc\u021bia t\u0103ietor de t\u0103i\u021bei: Nu<br \/>\nRevers: Da<br \/>\nTensiune: 380 V<br \/>\nPutere 0,75 kW<br \/>\nLatime: 3300 mm<br \/>\nAd\u00e2ncime: 996 mm<br \/>\n\u00cen\u0103l\u0163ime. 1243 mm<br \/>\nGreutate (fara ambalaj): 242 kg<\/p>\n","protected":false},"excerpt":{"rendered":"<p>Masina de intins aluat 1400&#215;600 mm. Viteza de rulare: 30 m\/min; Dimensiune band\u0103 rulant\u0103: 1400&#215;600 mm; Diametru rulouri: 600 mm; Tip: ma\u0219in\u0103 de \u00eentins aluat conveyer; Montaj: la podea; Aluat dreptunghiular; Latime de rulare: 600 mm; Grosimea rul\u0103rii: de la 0,2 la 48 mm, Num\u0103r de rulouri: 1 bucat\u0103; Pedala: Da; Func\u021bia t\u0103ietor de t\u0103i\u021bei: Nu; Revers: Da; Tensiune: 380 V; Putere 0,75 kW; Latime: 3300 mm; Ad\u00e2ncime: 996 mm; \u00cen\u0103l\u0163ime. 1243 mm; Greutate (fara ambalaj): 242 kg.<\/p>\n","protected":false},"featured_media":36763,"template":"","meta":[],"_links":{"self":[{"href":"https:\/\/evotek.md\/ro\/wp-json\/wp\/v2\/product\/37615"}],"collection":[{"href":"https:\/\/evotek.md\/ro\/wp-json\/wp\/v2\/product"}],"about":[{"href":"https:\/\/evotek.md\/ro\/wp-json\/wp\/v2\/types\/product"}],"wp:featuredmedia":[{"embeddable":true,"href":"https:\/\/evotek.md\/ro\/wp-json\/wp\/v2\/media\/36763"}],"wp:attachment":[{"href":"https:\/\/evotek.md\/ro\/wp-json\/wp\/v2\/media?parent=37615"}],"curies":[{"name":"wp","href":"https:\/\/api.w.org\/{rel}","templated":true}]}}