{"id":37574,"date":"2023-05-29T11:45:57","date_gmt":"2023-05-29T11:45:57","guid":{"rendered":"https:\/\/evotek.md\/?post_type=product&#038;p=37574"},"modified":"2023-07-24T13:25:32","modified_gmt":"2023-07-24T13:25:32","slug":"schneider-196050","status":"publish","type":"product","link":"https:\/\/evotek.md\/ro\/produse\/accesorii-si-inventar-bucatarie\/accesorii-pentru-bar\/schneider-196050\/","title":{"rendered":"SIFON PENTRU FRISCA 0,5 LITRI -SCHNEIDER-196050"},"content":{"rendered":"<p><strong>SIFON PENTRU FRISCA 0,5 LITRI -SCHNEIDER-196050<\/strong><br \/>\nLungime: 77 mm; Latime: 77 mm; Inaltime: 270 mm; Volum: 0,5 litri; Greutate: 1,05 kg; Material: CNS 18\/10; Pentru prepararea frisca, mousse-uri, deserturi, spum rece si sosuri; Con\u021binutul poate fi refrigerat p\u00e2n\u0103 la 14 zile; Include 3 duze din o\u021bel inoxidabil \u0219i 1 perie de cur\u0103\u021bare; Sunt necesare \u00eenc\u0103rc\u0103toare cu crem\u0103 (N2O) (nu sunt incluse)<\/p>\n","protected":false},"excerpt":{"rendered":"<p>Lungime: 77 mm; Latime: 77 mm; Inaltime: 270 mm; Volum: 0,5 litri; Greutate: 1,05 kg; Material: CNS 18\/10; Pentru prepararea frisca, mousse-uri, deserturi, spum rece si sosuri; Con\u021binutul poate fi refrigerat p\u00e2n\u0103 la 14 zile; Include 3 duze din o\u021bel inoxidabil \u0219i 1 perie de cur\u0103\u021bare; Sunt necesare \u00eenc\u0103rc\u0103toare cu crem\u0103 (N2O) (nu sunt incluse)<\/p>\n","protected":false},"featured_media":37531,"template":"","meta":[],"_links":{"self":[{"href":"https:\/\/evotek.md\/ro\/wp-json\/wp\/v2\/product\/37574"}],"collection":[{"href":"https:\/\/evotek.md\/ro\/wp-json\/wp\/v2\/product"}],"about":[{"href":"https:\/\/evotek.md\/ro\/wp-json\/wp\/v2\/types\/product"}],"wp:featuredmedia":[{"embeddable":true,"href":"https:\/\/evotek.md\/ro\/wp-json\/wp\/v2\/media\/37531"}],"wp:attachment":[{"href":"https:\/\/evotek.md\/ro\/wp-json\/wp\/v2\/media?parent=37574"}],"curies":[{"name":"wp","href":"https:\/\/api.w.org\/{rel}","templated":true}]}}