{"id":37520,"date":"2023-05-29T09:10:49","date_gmt":"2023-05-29T09:10:49","guid":{"rendered":"https:\/\/evotek.md\/?post_type=product&#038;p=37520"},"modified":"2023-05-29T09:12:34","modified_gmt":"2023-05-29T09:12:34","slug":"schneider-153091","status":"publish","type":"product","link":"https:\/\/evotek.md\/ro\/produse\/accesorii-si-inventar-bucatarie\/accesorii-pentru-bar\/schneider-153091\/","title":{"rendered":"CARAMELIZATOR CU GAZ PENTRU CREME BRULEE -SCHNEIDER-153091"},"content":{"rendered":"<p><strong>CARAMELIZATOR CU GAZ PENTRU CREME BRULEE -SCHNEIDER-153091<\/strong><br \/>\nDiametru: 32mm; \u00cen\u0103l\u021bime: 151 mm; Material: Metal; corp din o\u021bel; piezo aprindere cu autoaprindere; flac\u0103r\u0103 reglabil\u0103 sigur\u0103; flac\u0103r\u0103 p\u00e2n\u0103 la 1450\u00b0C.<\/p>\n","protected":false},"excerpt":{"rendered":"<p>Diametru: 32mm; \u00cen\u0103l\u021bime: 151 mm; Material: Metal; corp din o\u021bel; piezo aprindere cu autoaprindere; flac\u0103r\u0103 reglabil\u0103 sigur\u0103; flac\u0103r\u0103 p\u00e2n\u0103 la 1450\u00b0C.<\/p>\n","protected":false},"featured_media":37579,"template":"","meta":[],"_links":{"self":[{"href":"https:\/\/evotek.md\/ro\/wp-json\/wp\/v2\/product\/37520"}],"collection":[{"href":"https:\/\/evotek.md\/ro\/wp-json\/wp\/v2\/product"}],"about":[{"href":"https:\/\/evotek.md\/ro\/wp-json\/wp\/v2\/types\/product"}],"wp:featuredmedia":[{"embeddable":true,"href":"https:\/\/evotek.md\/ro\/wp-json\/wp\/v2\/media\/37579"}],"wp:attachment":[{"href":"https:\/\/evotek.md\/ro\/wp-json\/wp\/v2\/media?parent=37520"}],"curies":[{"name":"wp","href":"https:\/\/api.w.org\/{rel}","templated":true}]}}