{"id":37360,"date":"2023-05-16T16:41:27","date_gmt":"2023-05-16T16:43:56","guid":{"rendered":"https:\/\/evotek.md\/?post_type=product&#038;p=37360"},"modified":"2024-09-05T13:24:21","modified_gmt":"2024-09-05T13:24:21","slug":"afinox-infinity-c9ami05im5oa01","status":"publish","type":"product","link":"https:\/\/evotek.md\/ro\/produse\/fara-categorie\/afinox-infinity-c9ami05im5oa01\/","title":{"rendered":"CONGELATOR CU SOC TERMIC 5 NIVELE -AFINOX INFINITY-C9AMI05IM5OA01"},"content":{"rendered":"<p><strong>CONGELATOR CU SOC TERMIC 5 NIVELE -AFINOX INFINITY-C9AMI05IM5OA01-<\/strong> INFINITY: mai mult dec\u00e2t un simplu r\u0103citor intensiv, este un asistent multifunc\u021bional 6 \u00een 1 care garanteaz\u0103 cele mai bune performan\u021be la g\u0103titul \u0219i congelarea alimentelor, de la congelare p\u00e2n\u0103 la coacere.<\/p>\n<p>Cel mai avansat din categoria sa, dulapul de r\u0103cire intensiv\u0103 este disponibil \u00een modelele Start (numai cicluri la rece) sau All-in-one (cicluri calde).<\/p>\n<p>Capacitatea variaz\u0103 de la un model cu 5 rafturi, ideal pentru produc\u021bia la scar\u0103 mic\u0103, p\u00e2n\u0103 la modele cu 120 de rafturi pentru angrosisti, cantine \u0219i alte organiza\u021bii comunitare.<\/p>\n<p>Trei meniuri, \u0219apte cicluri de lucru, multe posibilit\u0103\u021bi de combinare a activit\u0103\u021bilor &#8211; mai mult dec\u00e2t un simplu frigider. Infinity este un asistent indispensabil oric\u0103rui profesionist al restaurantelor.<\/p>\n<p>Practic, fiabil \u0219i u\u0219or de operat, frigiderul p\u0103streaz\u0103 prospe\u021bimea \u0219i gustul alimentelor \u00een timp ce monitorizeaz\u0103 constant fiecare faz\u0103. Echipamentul este conceput nu numai pentru r\u0103cire, ci \u0219i pentru g\u0103tit la temperaturi sc\u0103zute datorit\u0103 func\u021biei \u00eencorporate Slow cooking +85\u00b0C.<\/p>\n<p>Frigiderul Infinity este o oportunitate de a ra\u021bionaliza costul \u0219i timpul de lucru; \u00eendepline\u0219te toate cerin\u021bele pentru prepararea \u0219i p\u0103strarea alimentelor \u0219i a preparatelor, garant\u00e2nd rezultate excelente, consum redus de materii prime.<\/p>\n<p>Cicluri:<\/p>\n<p>\u2022 R\u0103cire de \u0219oc<br \/>\n\u2022 \u00cenghe\u021bare \u0219oc<br \/>\n\u2022 Dezghe\u021bare<br \/>\n\u2022 G\u0103tire lent\u0103 +85\u00b0C. (numai versiunea \u201eALL-IN-ONE\u201d)<br \/>\n\u2022 Proofing (numai versiunea ALL-IN-ONE)<br \/>\n\u2022 Cicluri combinate<br \/>\n\u2022 Func\u021bie cu mai multe niveluri, func\u021bie de dezghe\u021bare<br \/>\n\u2022 CARD SD cu videoclipuri de antrenament \u0219i u\u0219\u0103 USB pentru HACCP<br \/>\ndesc\u0103rcare de date, sond\u0103 cu tij\u0103 multipunct (4 puncte de citire)<\/p>\n<p>Caracteristici<br \/>\nR\u0103cire: 25 kg<br \/>\nCongelare: 15 kg<br \/>\nRafturi: 5 GN1\/1 H65, 5 EN600x400 H40<br \/>\nMaterial: otel inoxidabil AISI 304<br \/>\nPanou de control: Ecran TOUCH 9\u201d, fa\u021b\u0103, partea superioar\u0103 a u\u0219ii<br \/>\nDistanta intre tave: 70 mm mod. Patiserie \/ 50mm mod. Gastronomie<br \/>\nSenzor de temperatur\u0103 : Multi-punct (4 puncte de citire T \u00b0 C)<br \/>\nAlimentare: 230V\/50Hz<br \/>\nAgent frigorific: R 452 A<br \/>\nPicioare din o\u021bel inoxidabil<br \/>\nDimensiuni exterioare: 790x839x847 mm<\/p>\n","protected":false},"excerpt":{"rendered":"<p>Congelator cu soc termic, 5 nivele. R\u0103cire: 25 kg; Congelare: 15 kg; Rafturi: 5 GN1\/1 H65, 5 EN600x400 H40; Material: otel inoxidabil AISI 304; Panou de control: Ecran TOUCH 9\u201d, fa\u021b\u0103, partea superioar\u0103 a u\u0219ii; Distanta intre tave: 70 mm mod. Patiserie\/ 50 mm mod. Gastronomie; Senzor de temperatur\u0103: Multi-punct (4 puncte de citire T \u00b0 C); Alimentare: 230V\/50Hz; Agent frigorific: R 452 A; Picioare din o\u021bel inoxidabil; Dimensiuni exterioare: 790x839x847 mm.<\/p>\n","protected":false},"featured_media":37359,"template":"","meta":[],"_links":{"self":[{"href":"https:\/\/evotek.md\/ro\/wp-json\/wp\/v2\/product\/37360"}],"collection":[{"href":"https:\/\/evotek.md\/ro\/wp-json\/wp\/v2\/product"}],"about":[{"href":"https:\/\/evotek.md\/ro\/wp-json\/wp\/v2\/types\/product"}],"wp:featuredmedia":[{"embeddable":true,"href":"https:\/\/evotek.md\/ro\/wp-json\/wp\/v2\/media\/37359"}],"wp:attachment":[{"href":"https:\/\/evotek.md\/ro\/wp-json\/wp\/v2\/media?parent=37360"}],"curies":[{"name":"wp","href":"https:\/\/api.w.org\/{rel}","templated":true}]}}