{"id":37325,"date":"2023-05-12T14:59:21","date_gmt":"2023-05-12T14:59:21","guid":{"rendered":"https:\/\/evotek.md\/?post_type=product&#038;p=37325"},"modified":"2023-05-12T15:01:37","modified_gmt":"2023-05-12T15:01:37","slug":"schneider-171051","status":"publish","type":"product","link":"https:\/\/evotek.md\/ro\/produse\/accesorii-si-inventar-bucatarie\/cleste\/schneider-171051\/","title":{"rendered":"CLESTE DIN INOX CU MANER SI VARF DIN SILICON 300 mm -SCHNEIDER-171051"},"content":{"rendered":"<p><strong>CLESTE DIN INOX CU MANER SI VARF DIN SILICON 300\u00a0mm -SCHNEIDER-171051- <\/strong>Cle\u0219tele universal este ideal pentru orice unitate gastronomic\u0103, precum \u0219i pentru uz casnic. Materialele de \u00eenalt\u0103 calitate din care sunt fabricate asigur\u0103 durabilitatea, u\u0219urin\u021ba cur\u0103\u021b\u0103rii \u0219i confortul mare de utilizare. Lac\u0103tul de deschidere \u0219i m\u00e2nerul confortabil sunt acoperite cu silicon, astfel \u00eenc\u00e2t cle\u0219tele s\u0103 nu v\u0103 alunece din m\u00e2ini atunci c\u00e2nd le aplica\u021bi la alimente. Materialul este rezistent la temperaturi ridicate.<\/p>\n<p>Caracteristici<br \/>\nLungime: 300\u00a0mm<br \/>\nMaterial: otel inoxidabil<br \/>\nManer si virf din silicon<br \/>\nCu mecanism de inchidere si ochi de agatare<\/p>\n<p>&nbsp;<\/p>\n<p>&nbsp;<\/p>\n","protected":false},"excerpt":{"rendered":"<p>Cle\u0219te din inox cu maner din plastic. Lungime: 300\u00a0mm; Material: otel inoxidabil; Fabricat din o\u021bel inoxidabil; Maner din plastic negru.<\/p>\n","protected":false},"featured_media":37328,"template":"","meta":[],"_links":{"self":[{"href":"https:\/\/evotek.md\/ro\/wp-json\/wp\/v2\/product\/37325"}],"collection":[{"href":"https:\/\/evotek.md\/ro\/wp-json\/wp\/v2\/product"}],"about":[{"href":"https:\/\/evotek.md\/ro\/wp-json\/wp\/v2\/types\/product"}],"wp:featuredmedia":[{"embeddable":true,"href":"https:\/\/evotek.md\/ro\/wp-json\/wp\/v2\/media\/37328"}],"wp:attachment":[{"href":"https:\/\/evotek.md\/ro\/wp-json\/wp\/v2\/media?parent=37325"}],"curies":[{"name":"wp","href":"https:\/\/api.w.org\/{rel}","templated":true}]}}