{"id":37251,"date":"2023-05-12T13:51:46","date_gmt":"2023-05-12T13:51:46","guid":{"rendered":"https:\/\/evotek.md\/?post_type=product&#038;p=37251"},"modified":"2023-05-12T13:52:51","modified_gmt":"2023-05-12T13:52:51","slug":"schneider-199058","status":"publish","type":"product","link":"https:\/\/evotek.md\/ro\/produse\/accesorii-si-inventar-bucatarie\/sita-din-inox\/schneider-199058\/","title":{"rendered":"SITA PENTRU FAINA \u00d8300 mm SCHNEIDER-199058"},"content":{"rendered":"<p><strong>SITA PENTRU FAINA \u00d8300 mm SCHNEIDER-199058<\/strong>&#8211; Sita pentru f\u0103in\u0103 este realizat\u0103 din o\u021bel inoxidabil, rezistent\u0103 la coroziune, la deterior\u0103ri mecanice \u0219i u\u0219or de cur\u0103\u021bat. Datorit\u0103 acestor caracteristici, sita este u\u0219or de cur\u0103\u021bat, ceea ce este foarte important \u00een contact direct cu alimentele.<\/p>\n<p>Caracteristici<br \/>\nDiametru: \u00d8300 mm<br \/>\nInaltime: 65 mm<br \/>\nL\u0103\u021bimea celulei: 0,3 mm<br \/>\nGrosimea materialului: 0,16 mm<br \/>\nPotrivit pentru: f\u0103in\u0103, foarte fin\u0103<br \/>\nMaterial: otel inoxidabil<\/p>\n<p>&nbsp;<\/p>\n","protected":false},"excerpt":{"rendered":"<div class=\"product-short-description\">\n<p>Sit\u0103 pentru f\u0103in\u0103 \u00d8300 mm. Inaltime: 65 mm; L\u0103\u021bimea celulei: 0,3 mm; Grosimea materialului: 0,16 mm; Potrivit pentru: f\u0103in\u0103, foarte fin\u0103; Material: otel inoxidabil.<\/p>\n<\/div>\n","protected":false},"featured_media":37247,"template":"","meta":[],"_links":{"self":[{"href":"https:\/\/evotek.md\/ro\/wp-json\/wp\/v2\/product\/37251"}],"collection":[{"href":"https:\/\/evotek.md\/ro\/wp-json\/wp\/v2\/product"}],"about":[{"href":"https:\/\/evotek.md\/ro\/wp-json\/wp\/v2\/types\/product"}],"wp:featuredmedia":[{"embeddable":true,"href":"https:\/\/evotek.md\/ro\/wp-json\/wp\/v2\/media\/37247"}],"wp:attachment":[{"href":"https:\/\/evotek.md\/ro\/wp-json\/wp\/v2\/media?parent=37251"}],"curies":[{"name":"wp","href":"https:\/\/api.w.org\/{rel}","templated":true}]}}