{"id":3721,"date":"2020-03-04T09:11:04","date_gmt":"2020-03-04T09:11:04","guid":{"rendered":"https:\/\/evotek.md\/?post_type=product&#038;p=3721"},"modified":"2020-07-20T08:08:27","modified_gmt":"2020-07-20T08:08:27","slug":"racitor-de-sucuri-remta-st22","status":"publish","type":"product","link":"https:\/\/evotek.md\/ro\/produse\/echipamente-pentru-bar-si-cafea\/racitor-de-sucuri\/racitor-de-sucuri-remta-st22\/","title":{"rendered":"R\u0102CITOR DE SUCURI -Remta ST22"},"content":{"rendered":"<p><strong>R\u0102CITOR DE SUCURI<\/strong> <strong>&#8211;<\/strong><strong>Remta ST22<\/strong><strong>&#8211; <\/strong>R\u0103citor pentru sucuri de 6 litri, conceput pentru unit\u0103\u021bile de alimenta\u021bie public\u0103 \u0219i utilizate pentru r\u0103cirea \u0219i distribu\u021bia b\u0103uturilor &#8211; sucuri, limonad\u0103, ayran etc. Materialul r\u0103citorului este din policarbonat. Culoarea carcasei &#8211; argintiu. Dotat cu un rezervor de ghea\u021b\u0103 care men\u021bine b\u0103uturile reci.<\/p>\n<p>Caracteristici<\/p>\n<p>Volumul: 6 L<\/p>\n<p>Dimensiuni: 270x270x510 mm<\/p>\n<p>Greutate: 5 kg<\/p>\n<p>&nbsp;<\/p>\n","protected":false},"excerpt":{"rendered":"<p>Racitor de sucuri de 6 litri. Dimensiuni: 270x270x510 mm; Greutate: 5 kg.<\/p>\n","protected":false},"featured_media":3720,"template":"","meta":[],"_links":{"self":[{"href":"https:\/\/evotek.md\/ro\/wp-json\/wp\/v2\/product\/3721"}],"collection":[{"href":"https:\/\/evotek.md\/ro\/wp-json\/wp\/v2\/product"}],"about":[{"href":"https:\/\/evotek.md\/ro\/wp-json\/wp\/v2\/types\/product"}],"wp:featuredmedia":[{"embeddable":true,"href":"https:\/\/evotek.md\/ro\/wp-json\/wp\/v2\/media\/3720"}],"wp:attachment":[{"href":"https:\/\/evotek.md\/ro\/wp-json\/wp\/v2\/media?parent=3721"}],"curies":[{"name":"wp","href":"https:\/\/api.w.org\/{rel}","templated":true}]}}