{"id":37208,"date":"2023-05-12T12:57:59","date_gmt":"2023-05-12T12:58:00","guid":{"rendered":"https:\/\/evotek.md\/?post_type=product&#038;p=37208"},"modified":"2023-05-12T13:03:04","modified_gmt":"2023-05-12T13:03:04","slug":"schneider-200312","status":"publish","type":"product","link":"https:\/\/evotek.md\/ro\/produse\/accesorii-si-inventar-bucatarie\/accesorii-pentru-bar\/schneider-200312\/","title":{"rendered":"PERIE DIN SILICON PENTRU PATISERIE 235 mm -SCHNEIDER-200312"},"content":{"rendered":"<p><strong>PERIE DIN SILICON PENTRU PATISERIE 235 mm -SCHNEIDER-200312- <\/strong>Perie pentru patiserie din silicon, u\u0219or de cur\u0103\u021bat, nu absoarbe mirosurile, m\u00e2ner din o\u021bel inoxidabil.<\/p>\n<p>Caracteristici<br \/>\nLungime: 235 mm<br \/>\nLatime: 42 mm<br \/>\nMaterial: Silicon<br \/>\nCu maner metalic<br \/>\n5 r\u00e2nduri<br \/>\nRezisten\u021b\u0103 la temperatur\u0103 p\u00e2n\u0103 la: +300\u00b0\u0421<\/p>\n","protected":false},"excerpt":{"rendered":"<p>Perie din silicon pentru patiserie. Lungime: 235 mm; Latime: 42 mm; Material: Silicon; Cu maner metalic; 5 r\u00e2nduri; Rezisten\u021b\u0103 la temperatur\u0103 p\u00e2n\u0103 la: +300\u00b0\u0421.<\/p>\n","protected":false},"featured_media":37210,"template":"","meta":[],"_links":{"self":[{"href":"https:\/\/evotek.md\/ro\/wp-json\/wp\/v2\/product\/37208"}],"collection":[{"href":"https:\/\/evotek.md\/ro\/wp-json\/wp\/v2\/product"}],"about":[{"href":"https:\/\/evotek.md\/ro\/wp-json\/wp\/v2\/types\/product"}],"wp:featuredmedia":[{"embeddable":true,"href":"https:\/\/evotek.md\/ro\/wp-json\/wp\/v2\/media\/37210"}],"wp:attachment":[{"href":"https:\/\/evotek.md\/ro\/wp-json\/wp\/v2\/media?parent=37208"}],"curies":[{"name":"wp","href":"https:\/\/api.w.org\/{rel}","templated":true}]}}