{"id":37178,"date":"2023-05-12T12:08:54","date_gmt":"2023-05-12T12:11:31","guid":{"rendered":"https:\/\/evotek.md\/?post_type=product&#038;p=37178"},"modified":"2023-05-12T12:12:05","modified_gmt":"2023-05-12T12:12:05","slug":"cutite-roller-pentru-aluat-5-cutite-o-55-mm-schneider-153100","status":"publish","type":"product","link":"https:\/\/evotek.md\/ro\/produse\/fara-categorie\/cutite-roller-pentru-aluat-5-cutite-o-55-mm-schneider-153100\/","title":{"rendered":"CUTITE ROLLER PENTRU ALUAT, 5 CUTITE \u00d8 55 mm -SCHNEIDER-153100"},"content":{"rendered":"<p><strong>CUTITE ROLLER PENTRU ALUAT, 5 CUTITE \u00d8 55 mm -SCHNEIDER-153100-<\/strong> Aceste freze pliabile sunt realizate din otel inoxidabil de inalta calitate, facandu-le extrem de durabile, igienice si usor de folosit. Ideale pentru utilizare \u00een orice buc\u0103t\u0103rie, de la cas\u0103 p\u00e2n\u0103 la brut\u0103rii, cele 5 ro\u021bi taie chiar f\u00e2\u0219ii de aluat, ajut\u00e2ndu-v\u0103 s\u0103 ob\u021bine\u021bi rezultate consistente de fiecare dat\u0103 c\u00e2nd coace\u021bi. Extensibil p\u00e2n\u0103 la 125 mm.<\/p>\n<p>Caracteristici<br \/>\nDimensiuni \u00cenxL\u0103: 50x120x55 (diametru) mm<br \/>\nMaterial: otel inoxidabil<br \/>\nGreutate: 640 g<br \/>\nCuloare: argintiu<br \/>\nExtensibil<br \/>\nRo\u021bi la \u00eentindere maxim\u0103: 125 mm<\/p>\n","protected":false},"excerpt":{"rendered":"<p>Cu\u021bite roller pentru aluat, 5 cu\u021bite cu diametrul de 55 mm. Dimensiuni \u00cenxL\u0103: 50x120x55 (diametru) mm; Material: otel inoxidabil; Greutate: 640 g; Culoare: argintiu; Extensibil; Ro\u021bi la \u00eentindere maxim\u0103: 125 mm.<\/p>\n","protected":false},"featured_media":37177,"template":"","meta":[],"_links":{"self":[{"href":"https:\/\/evotek.md\/ro\/wp-json\/wp\/v2\/product\/37178"}],"collection":[{"href":"https:\/\/evotek.md\/ro\/wp-json\/wp\/v2\/product"}],"about":[{"href":"https:\/\/evotek.md\/ro\/wp-json\/wp\/v2\/types\/product"}],"wp:featuredmedia":[{"embeddable":true,"href":"https:\/\/evotek.md\/ro\/wp-json\/wp\/v2\/media\/37177"}],"wp:attachment":[{"href":"https:\/\/evotek.md\/ro\/wp-json\/wp\/v2\/media?parent=37178"}],"curies":[{"name":"wp","href":"https:\/\/api.w.org\/{rel}","templated":true}]}}