{"id":37168,"date":"2023-05-12T11:38:17","date_gmt":"2023-05-12T11:38:17","guid":{"rendered":"https:\/\/evotek.md\/?post_type=product&#038;p=37168"},"modified":"2023-05-12T11:40:33","modified_gmt":"2023-05-12T11:40:33","slug":"spatula-pentru-cofetarile-din-silicon-250-mm-schneider-200760","status":"publish","type":"product","link":"https:\/\/evotek.md\/ro\/produse\/accesorii-si-inventar-bucatarie\/accesorii-pentru-bar\/spatula-pentru-cofetarile-din-silicon-250-mm-schneider-200760\/","title":{"rendered":"SPATULA PENTRU COFETARILE DIN SILICON 250 mm -SCHNEIDER-200760"},"content":{"rendered":"<p><strong>SPATULA PENTRU COFETARILE DIN SILICON 250 mm -SCHNEIDER-200760-<\/strong> Spatula SCHNEIDER cu maner silicon, alb\/negru &#8211; lungime: 250 mm, spatula: 116&#215;68 mm.<\/p>\n<p>Caracteristici<br \/>\nSpatula din silicon, cu maner din plastic termorezistent<br \/>\nRezisten\u021b\u0103 la temperatur\u0103: p\u00e2n\u0103 la +260 \u00b0C<br \/>\nLungime: 250 mm<br \/>\nSpatula: 116&#215;68 mm<br \/>\nCu bucl\u0103 de suspendare<\/p>\n","protected":false},"excerpt":{"rendered":"<p>Spatul\u0103 pentru cofet\u0103rie din silicon 250 mm. Spatula din silicon, cu maner din plastic termorezistent; Rezisten\u021b\u0103 la temperatur\u0103: p\u00e2n\u0103 la +260 \u00b0C; Lungime: 250 mm; Spatula: 116&#215;68 mm; Cu bucl\u0103 de suspendare.<\/p>\n","protected":false},"featured_media":42238,"template":"","meta":[],"_links":{"self":[{"href":"https:\/\/evotek.md\/ro\/wp-json\/wp\/v2\/product\/37168"}],"collection":[{"href":"https:\/\/evotek.md\/ro\/wp-json\/wp\/v2\/product"}],"about":[{"href":"https:\/\/evotek.md\/ro\/wp-json\/wp\/v2\/types\/product"}],"wp:featuredmedia":[{"embeddable":true,"href":"https:\/\/evotek.md\/ro\/wp-json\/wp\/v2\/media\/42238"}],"wp:attachment":[{"href":"https:\/\/evotek.md\/ro\/wp-json\/wp\/v2\/media?parent=37168"}],"curies":[{"name":"wp","href":"https:\/\/api.w.org\/{rel}","templated":true}]}}