{"id":37160,"date":"2023-05-12T11:18:14","date_gmt":"2023-05-12T11:18:14","guid":{"rendered":"https:\/\/evotek.md\/?post_type=product&#038;p=37160"},"modified":"2023-05-12T11:30:32","modified_gmt":"2023-05-12T11:30:32","slug":"schneider-200750","status":"publish","type":"product","link":"https:\/\/evotek.md\/ro\/produse\/accesorii-si-inventar-bucatarie\/accesorii-pentru-bar\/schneider-200750\/","title":{"rendered":"SPATULA PENTRU COFETARILE DIN SILICON 250 mm -SCHNEIDER-200750"},"content":{"rendered":"<p><strong>SPATULA PENTRU COFETARILE DIN SILICON 250 mm -SCHNEIDER-200750-<\/strong> Spatula SCHNEIDER cu maner silicon, alb\/negru &#8211; lungime: 250 mm, spatula: 85&#215;53 mm.<\/p>\n<p>Caracteristici<br \/>\nSpatula din silicon, cu maner din plastic termorezistent<br \/>\nRezisten\u021b\u0103 la temperatur\u0103: p\u00e2n\u0103 la +260 \u00b0C<br \/>\nLungime: 250 mm<br \/>\nSpatula: 85&#215;53 mm<br \/>\nCu bucl\u0103 de suspendare<\/p>\n","protected":false},"excerpt":{"rendered":"<p>Spatul\u0103 pentru cofet\u0103rie din silicon 250 mm. Spatula din silicon, cu maner din plastic termorezistent; Rezisten\u021b\u0103 la temperatur\u0103: p\u00e2n\u0103 la +260 \u00b0C; Lungime: 250 mm; Spatula: 85&#215;53 mm; Cu bucl\u0103 de suspendare.<\/p>\n","protected":false},"featured_media":42236,"template":"","meta":[],"_links":{"self":[{"href":"https:\/\/evotek.md\/ro\/wp-json\/wp\/v2\/product\/37160"}],"collection":[{"href":"https:\/\/evotek.md\/ro\/wp-json\/wp\/v2\/product"}],"about":[{"href":"https:\/\/evotek.md\/ro\/wp-json\/wp\/v2\/types\/product"}],"wp:featuredmedia":[{"embeddable":true,"href":"https:\/\/evotek.md\/ro\/wp-json\/wp\/v2\/media\/42236"}],"wp:attachment":[{"href":"https:\/\/evotek.md\/ro\/wp-json\/wp\/v2\/media?parent=37160"}],"curies":[{"name":"wp","href":"https:\/\/api.w.org\/{rel}","templated":true}]}}