{"id":3716,"date":"2020-03-04T08:39:18","date_gmt":"2020-03-04T08:40:32","guid":{"rendered":"https:\/\/evotek.md\/?post_type=product&#038;p=3716"},"modified":"2023-03-27T10:36:05","modified_gmt":"2023-03-27T10:36:05","slug":"fierbator-electric-remta-r15","status":"publish","type":"product","link":"https:\/\/evotek.md\/ro\/produse\/echipamente-pentru-bar-si-cafea\/fierbator-2-echipamente-pentru-bar-si-cafea\/fierbator-electric-remta-r15\/","title":{"rendered":"FIERBATOR ELECTRIC CU 2 ROBINETE, 22 LITRI -REMTA R15"},"content":{"rendered":"<p><strong>FIERBATOR ELECTRIC CU 2 ROBINETE, 22 LITRI -REMTA R15- <\/strong>Fierb\u0103tor- distribuitor de ceai electric cu 2 robinete. Proiectat pentru a \u00eenc\u0103lzi apa \u0219i pentru a men\u021bine ulterior temperatura setat\u0103, acesta este un fierb\u0103tor electric, \u00een care pute\u021bi \u00eenc\u0103lzi p\u00e2n\u0103 la 22 de litri de ap\u0103. Carcasa \u0219i capacul sunt din inox. Un indicator extern arat\u0103 c\u00e2t de plin este acesta, iar m\u00e2nerele v\u0103 vor ajuta \u00eentr-o utilizare u\u0219oar\u0103. Fierb\u0103torul este echipat cu co\u0219uri pentru prepararea cafelei \u0219i ceaiului, de asemenea, din o\u021bel inoxidabil.<\/p>\n<p>Caracteristici<\/p>\n<p>Volum: 22 L<\/p>\n<p>Putere: 2,2 kW<\/p>\n<p>Tensiune: 220 V<\/p>\n<p>Dimensiuni: 370&#215;510 mm<\/p>\n<p>Greutate: 5 kg<\/p>\n<p>&nbsp;<\/p>\n","protected":false},"excerpt":{"rendered":"<p>Fierb\u0103tor- distribuitor de ceai electric cu 2 robinete, cu un volum de 22 litri. Putere: 2,2 kW; Tensiune: 220 V; Dimensiuni: 370&#215;510 mm; Greutate: 5 kg.<\/p>\n","protected":false},"featured_media":3712,"template":"","meta":[],"_links":{"self":[{"href":"https:\/\/evotek.md\/ro\/wp-json\/wp\/v2\/product\/3716"}],"collection":[{"href":"https:\/\/evotek.md\/ro\/wp-json\/wp\/v2\/product"}],"about":[{"href":"https:\/\/evotek.md\/ro\/wp-json\/wp\/v2\/types\/product"}],"wp:featuredmedia":[{"embeddable":true,"href":"https:\/\/evotek.md\/ro\/wp-json\/wp\/v2\/media\/3712"}],"wp:attachment":[{"href":"https:\/\/evotek.md\/ro\/wp-json\/wp\/v2\/media?parent=3716"}],"curies":[{"name":"wp","href":"https:\/\/api.w.org\/{rel}","templated":true}]}}