{"id":37158,"date":"2023-05-12T11:08:05","date_gmt":"2023-05-12T11:08:06","guid":{"rendered":"https:\/\/evotek.md\/?post_type=product&#038;p=37158"},"modified":"2023-05-22T12:13:15","modified_gmt":"2023-05-22T12:13:15","slug":"schneider-200602","status":"publish","type":"product","link":"https:\/\/evotek.md\/ro\/produse\/accesorii-si-inventar-bucatarie\/accesorii-pentru-bar\/schneider-200602\/","title":{"rendered":"SCRAPER DIN INOX PENTRU ALUAT 130&#215;135 \u043c\u043c -SCHNEIDER-200602"},"content":{"rendered":"<p><strong>SCRAPER DIN INOX PENTRU ALUAT 130&#215;135 mm -SCHNEIDER-200602-<\/strong> Scraper pentru cofet\u0103rie din polipropilen\u0103, se spal\u0103 \u00een ma\u0219ina de sp\u0103lat vase. R\u0103zuitorul v\u0103 permite s\u0103 selecta\u021bi eficient \u0219i rapid aluatul din forme, s\u0103 modela\u021bi \u0219i s\u0103 netezi\u021bi bucatele din aluat \u00eenainte de coacere. Se folose\u0219te \u00een brut\u0103rii, patiserii, restaurante, hotele \u0219i pentru uz casnic.<\/p>\n<p>Caracteristici<br \/>\nLungime: 130 mm<br \/>\nLatime: 135 mm<br \/>\nCuloare: ivory<br \/>\nMaterial: PP<\/p>\n","protected":false},"excerpt":{"rendered":"<p>Scraper din inox. Lungime: 130 mm; Latime: 135 mm; Culoare: ivory; Material: PP.<\/p>\n","protected":false},"featured_media":37363,"template":"","meta":[],"_links":{"self":[{"href":"https:\/\/evotek.md\/ro\/wp-json\/wp\/v2\/product\/37158"}],"collection":[{"href":"https:\/\/evotek.md\/ro\/wp-json\/wp\/v2\/product"}],"about":[{"href":"https:\/\/evotek.md\/ro\/wp-json\/wp\/v2\/types\/product"}],"wp:featuredmedia":[{"embeddable":true,"href":"https:\/\/evotek.md\/ro\/wp-json\/wp\/v2\/media\/37363"}],"wp:attachment":[{"href":"https:\/\/evotek.md\/ro\/wp-json\/wp\/v2\/media?parent=37158"}],"curies":[{"name":"wp","href":"https:\/\/api.w.org\/{rel}","templated":true}]}}