{"id":37153,"date":"2023-05-12T11:02:06","date_gmt":"2023-05-12T11:02:06","guid":{"rendered":"https:\/\/evotek.md\/?post_type=product&#038;p=37153"},"modified":"2023-05-12T11:04:42","modified_gmt":"2023-05-12T11:04:42","slug":"schneider-227364","status":"publish","type":"product","link":"https:\/\/evotek.md\/ro\/produse\/accesorii-si-inventar-bucatarie\/accesorii-pentru-bar\/schneider-227364\/","title":{"rendered":"SCRAPER DIN PLASTIC PENTRU ALUAT 125&#215;100 \u043c\u043c -SCHNEIDER-227364"},"content":{"rendered":"<p><strong>SCRAPER DIN PLASTIC PENTRU ALUAT 125&#215;100 mm -SCHNEIDER-227356-<\/strong> Scraper pentru cofet\u0103rie din polipropilen\u0103, se spal\u0103 \u00een ma\u0219ina de sp\u0103lat vase. R\u0103zuitorul v\u0103 permite s\u0103 selecta\u021bi eficient \u0219i rapid aluatul din forme, s\u0103 modela\u021bi \u0219i s\u0103 netezi\u021bi bucatele din aluat \u00eenainte de coacere. Se folose\u0219te \u00een brut\u0103rii, patiserii, restaurante, hotele \u0219i pentru uz casnic.<\/p>\n<p>Caracteristici<br \/>\nLungime: 125 mm<br \/>\nLatime: 100 mm<br \/>\nCuloare: ivory<br \/>\nMaterial: PP<\/p>\n","protected":false},"excerpt":{"rendered":"<p>Scraper din plastic. Lungime: 125 mm; Latime: 100 mm; Culoare: ivory; Material: PP.<\/p>\n","protected":false},"featured_media":37155,"template":"","meta":[],"_links":{"self":[{"href":"https:\/\/evotek.md\/ro\/wp-json\/wp\/v2\/product\/37153"}],"collection":[{"href":"https:\/\/evotek.md\/ro\/wp-json\/wp\/v2\/product"}],"about":[{"href":"https:\/\/evotek.md\/ro\/wp-json\/wp\/v2\/types\/product"}],"wp:featuredmedia":[{"embeddable":true,"href":"https:\/\/evotek.md\/ro\/wp-json\/wp\/v2\/media\/37155"}],"wp:attachment":[{"href":"https:\/\/evotek.md\/ro\/wp-json\/wp\/v2\/media?parent=37153"}],"curies":[{"name":"wp","href":"https:\/\/api.w.org\/{rel}","templated":true}]}}