{"id":37118,"date":"2023-05-12T08:57:31","date_gmt":"2023-05-12T08:57:31","guid":{"rendered":"https:\/\/evotek.md\/?post_type=product&#038;p=37118"},"modified":"2023-05-12T09:47:04","modified_gmt":"2023-05-12T09:47:04","slug":"schneider-115811","status":"publish","type":"product","link":"https:\/\/evotek.md\/ro\/produse\/accesorii-si-inventar-bucatarie\/tave-si-accesorii-pentru-cuptoare\/recipiente-gastronomice\/schneider-115811\/","title":{"rendered":"FORME PENTRU COPTURI CU ACOPERIRE ANTIADERENTA &#8220;Eclairs&#8221; 400&#215;600 mm -SCHNEIDER-115811"},"content":{"rendered":"<p><strong>FORME PENTRU COPTURI CU ACOPERIRE ANTIADERENTA &#8220;Eclairs&#8221; 400&#215;600 mm -SCHNEIDER-115811-<\/strong> Din textura perforata cu invelis antiaderent.<br \/>\nculoare neagr\u0103<br \/>\nideal pentru prepararea alimentelor dulci \u0219i s\u0103rate<br \/>\nmaterial flexibil<br \/>\nfunc\u021bii multifunc\u021bionale<br \/>\nutilizare rapid\u0103 \u0219i u\u0219oar\u0103<br \/>\nperformanta ridicata<br \/>\ncoacere omogen\u0103, f\u0103r\u0103 aluat lipit<br \/>\nstabil dimensional<br \/>\nprevine formarea bulelor<br \/>\nCircula\u021bie optim\u0103 a aerului pentru un bronz uniform \u0219i un ten roz<br \/>\nperfect pentru chifle, burgeri, sandvi\u0219uri \u0219i orice produse de patiserie, cum ar fi tartele, brio\u0219e \u0219i multe altele<br \/>\ninterval de temperatur\u0103: de la \u2013 40 la + 260\u00b0\u0421 (pentru cuptoare, cuptoare cu microunde \u0219i congelatoare)<\/p>\n<p>Caracteristici<br \/>\nDimensiuni: 400&#215;600 mm<br \/>\nInaltime: 5 mm<br \/>\nForme: 36<br \/>\nDimensiuni forma: 125&#215;25 mm<br \/>\nMaterial: textura perforata, acoperire antiaderenta.<\/p>\n","protected":false},"excerpt":{"rendered":"<p>Forme pentu copturi. Dimensiuni: 400&#215;600 mm; Inaltime: 5 mm; Forme: 36; Dimensiuni forma: 125&#215;25 mm; Material: textura perforata, acoperire antiaderenta.<\/p>\n","protected":false},"featured_media":37124,"template":"","meta":[],"_links":{"self":[{"href":"https:\/\/evotek.md\/ro\/wp-json\/wp\/v2\/product\/37118"}],"collection":[{"href":"https:\/\/evotek.md\/ro\/wp-json\/wp\/v2\/product"}],"about":[{"href":"https:\/\/evotek.md\/ro\/wp-json\/wp\/v2\/types\/product"}],"wp:featuredmedia":[{"embeddable":true,"href":"https:\/\/evotek.md\/ro\/wp-json\/wp\/v2\/media\/37124"}],"wp:attachment":[{"href":"https:\/\/evotek.md\/ro\/wp-json\/wp\/v2\/media?parent=37118"}],"curies":[{"name":"wp","href":"https:\/\/api.w.org\/{rel}","templated":true}]}}