{"id":3706,"date":"2020-03-03T15:54:53","date_gmt":"2020-03-03T15:56:46","guid":{"rendered":"https:\/\/evotek.md\/?post_type=product&#038;p=3706"},"modified":"2023-01-27T09:48:52","modified_gmt":"2023-01-27T09:48:52","slug":"masina-de-tocat-carne-%d0%bc%d0%bc%d0%bc-12-m-09300445","status":"publish","type":"product","link":"https:\/\/evotek.md\/ro\/produse\/echipamente-electromecanice\/masina-de-tocat-carne\/masina-de-tocat-carne-%d0%bc%d0%bc%d0%bc-12-m-09300445\/","title":{"rendered":"MASINS DE TOCAT CARNE 120 kg\/h -M-09300445"},"content":{"rendered":"<p><strong>MASINS DE TOCAT CARNE 120 kg\/h -M-09300445- <\/strong>Se folose\u0219te pentru tocarea c\u0103rnii de pas\u0103re \u0219i de pe\u0219te. Ma\u0219ina de tocat carne profesional\u0103 este puternic\u0103, cu corp \u0219i plac\u0103 din inox. Ma\u0219ina are patru picioare de cauciuc astfel este protejat\u0103 suplimentar \u00eempotriva alunec\u0103rii. Masina de tocat carne este u\u0219or de cur\u0103\u021bat \u0219i u\u0219or de dezasamblat.<\/p>\n<p>Caracteristici<\/p>\n<p>2 viteze: \u00eenainte \u0219i \u00eenapoi<br \/>\nDimensiuni tava: 215x325x45 mm<br \/>\nDiametru tav\u0103 \u0219lefuit\u0103: 70 mm<br \/>\nComutator de protec\u021bie a motorului<br \/>\nSt\u0103 pe patru picioare de cauciuc<br \/>\nGreutate neta: 22 kg<br \/>\nProductivitate: maxim 120 kg\/ora<br \/>\nDimensiune bol: B21.5 x D32.5 x H4.5cm<br \/>\nDimensiuni ma\u0219in\u0103: L24 x D41 x H41cm<br \/>\nDiametrul de intrare (f\u0103r\u0103 tav\u0103): 5,5 cm<br \/>\nDiametru ie\u0219ire: 7 cm<br \/>\nConexiune: 220 V \/ 50 Hz \/ 1 faza 650 W<\/p>\n<p>&nbsp;<\/p>\n<p>&nbsp;<\/p>\n","protected":false},"excerpt":{"rendered":"<p>Ma\u0219in\u0103 de tocat carne cu o productivitate de 120 kg pe or\u0103. 2 viteze: \u00eenainte \u0219i \u00eenapoi; Dimensiuni tava: 215x325x45 mm; Diametru tav\u0103 \u0219lefuit\u0103: 70 mm; Comutator de protec\u021bie a motorului; St\u0103 pe patru picioare de cauciuc; Greutate neta: 22 kg; Productivitate: maxim 120 kg\/ora; Dimensiune bol: B21.5 x D32.5 x H4.5 cm; Dimensiuni ma\u0219in\u0103: L24 x D41 x H41 cm; Diametrul de intrare (f\u0103r\u0103 tav\u0103): 5,5 cm; Diametru ie\u0219ire: 7 cm; Conexiune: 220 V \/ 50 Hz \/ 1 faza 650 W.<\/p>\n","protected":false},"featured_media":3705,"template":"","meta":[],"_links":{"self":[{"href":"https:\/\/evotek.md\/ro\/wp-json\/wp\/v2\/product\/3706"}],"collection":[{"href":"https:\/\/evotek.md\/ro\/wp-json\/wp\/v2\/product"}],"about":[{"href":"https:\/\/evotek.md\/ro\/wp-json\/wp\/v2\/types\/product"}],"wp:featuredmedia":[{"embeddable":true,"href":"https:\/\/evotek.md\/ro\/wp-json\/wp\/v2\/media\/3705"}],"wp:attachment":[{"href":"https:\/\/evotek.md\/ro\/wp-json\/wp\/v2\/media?parent=3706"}],"curies":[{"name":"wp","href":"https:\/\/api.w.org\/{rel}","templated":true}]}}