{"id":37043,"date":"2023-05-11T13:51:02","date_gmt":"2023-05-11T13:52:34","guid":{"rendered":"https:\/\/evotek.md\/?post_type=product&#038;p=37043"},"modified":"2023-05-11T13:52:34","modified_gmt":"2023-05-11T13:52:34","slug":"cuptor-cu-convectie-mecanic-4-nivele-ggmgastro-ehov4","status":"publish","type":"product","link":"https:\/\/evotek.md\/ro\/produse\/echipamente-termice\/cuptoare-cu-convectie-cuptoare\/cuptor-cu-convectie-mecanic-4-nivele-ggmgastro-ehov4\/","title":{"rendered":"CUPTOR CU CONVECTIE MECANIC, 4 NIVELE -GGMGASTRO-EHOV4"},"content":{"rendered":"<p><strong>CUPTOR CU CONVECTIE MECANIC, 4 NIVELE -GGMGASTRO-EHOV4-<\/strong> Cuptor electric de convec\u021bie f\u0103r\u0103 func\u021bie de abur.<\/p>\n<p>Consum redus de energie datorit\u0103 izola\u021biei de \u00eenalt\u0103 calitate<br \/>\nU\u0219a se deschide \u00een jos \/ m\u00e2nerul u\u0219ii sus<br \/>\nM\u00e2ner termic al u\u0219ii<br \/>\nForma ergonomica<br \/>\nInstalare u\u0219oar\u0103 a accesoriilor<br \/>\nUsor de curatat<br \/>\nCalitate superioar\u0103<br \/>\nCorp din o\u021bel inoxidabil de \u00eenalt\u0103 calitate<br \/>\ncamera de gatit<br \/>\nCamera de gatit din otel inoxidabil AISI 430<br \/>\nPentru 4 tavi sau rafturi 450x340mm<br \/>\nDistan\u021ba dintre \u0219inele sertarului: 75 mm<br \/>\nOperare\/Management<br \/>\nControl manual al temperaturii<br \/>\nG\u0103tit la temperatur\u0103 sc\u0103zut\u0103<br \/>\nCosurile metalice nu sunt incluse in livrare.<br \/>\n4 tavi incluse<\/p>\n<p>Caracteristici<br \/>\nDimensiuni exterioare: L560 mm D653 mm H530 mm<br \/>\nDimensiuni interioare: L474 mm D380 mm H320 mm<br \/>\nCapacitate: 4 tavi<br \/>\nDimensiunea foii: L450xT340 mm<br \/>\nTemperatura: 30 p\u00e2n\u0103 la 285 \u00b0C<br \/>\nDistan\u021ba dintre patinele \u0219inei: 75 mm<br \/>\nTensiune: 230 vol\u021bi &#8211; 3,1 kW<br \/>\nEtape: 1<br \/>\nFrecventa: 50-60Hz<br \/>\nGreutate 35 kg<\/p>\n","protected":false},"excerpt":{"rendered":"<p>Cuptor electric de convec\u021bie f\u0103r\u0103 func\u021bie de abur. Dimensiuni exterioare: L560 mm D653 mm H530 mm; Dimensiuni interioare: L474 mm D380 mm H320 mm; Capacitate: 4 tavi; Dimensiunea foii: L450xT340 mm; Temperatura: 30 p\u00e2n\u0103 la 285 \u00b0C; Distan\u021ba dintre patinele \u0219inei: 75 mm; Tensiune: 230 vol\u021bi &#8211; 3,1 kW; Etape: 1; Frecventa: 50-60Hz; Greutate 35 kg.<\/p>\n","protected":false},"featured_media":37034,"template":"","meta":[],"_links":{"self":[{"href":"https:\/\/evotek.md\/ro\/wp-json\/wp\/v2\/product\/37043"}],"collection":[{"href":"https:\/\/evotek.md\/ro\/wp-json\/wp\/v2\/product"}],"about":[{"href":"https:\/\/evotek.md\/ro\/wp-json\/wp\/v2\/types\/product"}],"wp:featuredmedia":[{"embeddable":true,"href":"https:\/\/evotek.md\/ro\/wp-json\/wp\/v2\/media\/37034"}],"wp:attachment":[{"href":"https:\/\/evotek.md\/ro\/wp-json\/wp\/v2\/media?parent=37043"}],"curies":[{"name":"wp","href":"https:\/\/api.w.org\/{rel}","templated":true}]}}