{"id":37029,"date":"2023-05-11T13:18:10","date_gmt":"2023-05-11T13:20:20","guid":{"rendered":"https:\/\/evotek.md\/?post_type=product&#038;p=37029"},"modified":"2023-05-11T13:21:33","modified_gmt":"2023-05-11T13:21:33","slug":"suprafata-de-incalzire-de-masa-ggmgastro-ab1k144kbk13-3eco","status":"publish","type":"product","link":"https:\/\/evotek.md\/ro\/produse\/fara-categorie\/suprafata-de-incalzire-de-masa-ggmgastro-ab1k144kbk13-3eco\/","title":{"rendered":"SUPRAFATA DE INCALZIRE DE MASA -GGMGASTRO-AB1K144#KBK13-3#ECO"},"content":{"rendered":"<p><strong>SUPRAFATA DE INCALZIRE DE MASA -GGMGASTRO-AB1K144#KBK13-3#ECO- <\/strong>Suprafata de incalzire cu un singur nivel, de masa.<\/p>\n<p>Design ECO<br \/>\nUn nivel<br \/>\nDistribu\u021bie excelent\u0103 a c\u0103ldurii<br \/>\nColturi rotunjite<br \/>\nVompact<br \/>\nInstalare usoara<br \/>\nComutator pornit\/oprit<br \/>\nO\u021bel inoxidabil de \u00eenalt\u0103 calitate<br \/>\nBlat de lucru din o\u021bel inoxidabil cu pere\u021bi dubli.<\/p>\n<p>Caracteristici<br \/>\nTemperatura de lucru: 60 \u00b0C<br \/>\nConexiune electrica: 1N\/PE \/ N \/ PE 230 Volt \/ 50 Hz<br \/>\nPutere: 1050W<br \/>\nDimensiuni LxPxA: 1400x370x415 mm<br \/>\nElemente de incalzire de inalta calitate<br \/>\n\u00cenc\u0103lzire cu infraro\u0219u<br \/>\nGenerare de c\u0103ldur\u0103 prin \u00eenc\u0103lzitoare ceramice<\/p>\n","protected":false},"excerpt":{"rendered":"<p>Suprafata de incalzire cu un singur nivel, de masa. Temperatura de lucru: 60 \u00b0C, Conexiune electrica: 1N\/PE \/ N \/ PE 230 Volt \/ 50 Hz; Putere: 1050W; Dimensiuni LxPxA: 1400x370x415 mm; Elemente de incalzire de inalta calitate; \u00cenc\u0103lzire cu infraro\u0219u; Generare de c\u0103ldur\u0103 prin \u00eenc\u0103lzitoare ceramice.<\/p>\n","protected":false},"featured_media":37016,"template":"","meta":[],"_links":{"self":[{"href":"https:\/\/evotek.md\/ro\/wp-json\/wp\/v2\/product\/37029"}],"collection":[{"href":"https:\/\/evotek.md\/ro\/wp-json\/wp\/v2\/product"}],"about":[{"href":"https:\/\/evotek.md\/ro\/wp-json\/wp\/v2\/types\/product"}],"wp:featuredmedia":[{"embeddable":true,"href":"https:\/\/evotek.md\/ro\/wp-json\/wp\/v2\/media\/37016"}],"wp:attachment":[{"href":"https:\/\/evotek.md\/ro\/wp-json\/wp\/v2\/media?parent=37029"}],"curies":[{"name":"wp","href":"https:\/\/api.w.org\/{rel}","templated":true}]}}