{"id":37012,"date":"2023-05-11T12:50:29","date_gmt":"2023-05-11T12:52:12","guid":{"rendered":"https:\/\/evotek.md\/?post_type=product&#038;p=37012"},"modified":"2023-05-11T12:52:12","modified_gmt":"2023-05-11T12:52:12","slug":"forma-din-fonta-pentru-coacere-gn-1-1-ggmgastro-fgb11","status":"publish","type":"product","link":"https:\/\/evotek.md\/ro\/produse\/accesorii-si-inventar-bucatarie\/tave-si-accesorii-pentru-cuptoare\/forma-din-fonta-pentru-coacere-gn-1-1-ggmgastro-fgb11\/","title":{"rendered":"FORMA DIN FONTA PENTRU COACERE GN 1\/1 -GGMGASTRO-FGB11"},"content":{"rendered":"<p><strong>FORMA DIN FONTA PENTRU COACERE GN 1\/1 -GGMGASTRO-FGB11- <\/strong>Form\u0103 din font\u0103 pentru coacerea c\u0103rnii \u0219i legumelor GN 1\/1.<\/p>\n<p>Caracteristici<br \/>\nLatime: 325 mm<br \/>\nAd\u00e2ncime: 530 mm<br \/>\nDimensiune: GN 1\/1<br \/>\nGreutate: 1 kg<br \/>\nAcoperire antiaderent<br \/>\nMateriale rezistente la c\u0103ldur\u0103<br \/>\nRezistenta la uzura<br \/>\n\u00centre\u021binere u\u0219oar\u0103<br \/>\nUsor de curatat<br \/>\nPotrivit pentru cuptorul cu aburi dimensiunea GN 1\/1<\/p>\n","protected":false},"excerpt":{"rendered":"<p>Form\u0103 din font\u0103 pentru coacerea c\u0103rnii \u0219i legumelor GN 1\/1. Latime: 325 mm; Ad\u00e2ncime: 530 mm; Dimensiune: GN 1\/1; Greutate: 1 kg; Acoperire antiaderent; Materiale rezistente la c\u0103ldur\u0103; rezistenta la uzura; \u00centre\u021binere u\u0219oar\u0103; Usor de curatat; Potrivit pentru cuptorul cu aburi dimensiunea GN 1\/1.<\/p>\n","protected":false},"featured_media":37011,"template":"","meta":[],"_links":{"self":[{"href":"https:\/\/evotek.md\/ro\/wp-json\/wp\/v2\/product\/37012"}],"collection":[{"href":"https:\/\/evotek.md\/ro\/wp-json\/wp\/v2\/product"}],"about":[{"href":"https:\/\/evotek.md\/ro\/wp-json\/wp\/v2\/types\/product"}],"wp:featuredmedia":[{"embeddable":true,"href":"https:\/\/evotek.md\/ro\/wp-json\/wp\/v2\/media\/37011"}],"wp:attachment":[{"href":"https:\/\/evotek.md\/ro\/wp-json\/wp\/v2\/media?parent=37012"}],"curies":[{"name":"wp","href":"https:\/\/api.w.org\/{rel}","templated":true}]}}