{"id":36982,"date":"2023-05-11T11:33:33","date_gmt":"2023-05-11T11:33:33","guid":{"rendered":"https:\/\/evotek.md\/?post_type=product&#038;p=36982"},"modified":"2023-05-11T12:33:20","modified_gmt":"2023-05-11T12:33:20","slug":"ggmgastro-dsa80ssmglp80","status":"publish","type":"product","link":"https:\/\/evotek.md\/ro\/produse\/echipamente-pentru-fast-food\/grill-pentru-kebab\/ggmgastro-dsa80ssmglp80\/","title":{"rendered":"CUTIT\u00a0PENTRU KEBAB CU ACUMULATOR, 100 mm -GGMGASTRO-KS100C"},"content":{"rendered":"<p><strong>CUTIT\u00a0<\/strong><strong style=\"font-size: 14.4px\">PENTRU KEBAB <\/strong><strong style=\"font-size: 14.4px\">CU ACUMULATOR<\/strong><strong style=\"font-size: 14.4px\">, 100 mm -GGMGASTRO-KS100C<\/strong><span style=\"font-size: 14.4px\">&#8211; <\/span>Ideal pentru doner, giroscop, doner de pui \u0219i shoarmah. T\u0103iere precis\u0103. Corp din o\u021bel inoxidabil. Flexibilitate datorit\u0103 func\u021bion\u0103rii cu baterie \/ Reglare u\u0219oar\u0103 a grosimii de t\u0103iere. M\u00e2ner antiderapant. Piatra de slefuit inclusa. Protectie la suprasarcina. Buton pornit\/oprit. Usor de curatat. Fabricat \u00een conformitate cu cerin\u021bele de igien\u0103 \u0219i siguran\u021b\u0103. Cu\u021bitul de t\u0103iat nu este inclus.<\/p>\n<p>Caracteristici<br \/>\nDimensiuni exterioare: La590x\u00cen425xLu198 mm<br \/>\nDiametrul lamei: 100 mm<br \/>\nGrosimea de t\u0103iere: 0~8mm<br \/>\nPutere: 80W<br \/>\nBaterie: 12V<br \/>\nTensiune: 220V \/ 50Hz<\/p>\n","protected":false},"excerpt":{"rendered":"<p>Cu\u021bit electric pentru kebab. Dimensiuni exterioare: La590x\u00cen425xLu198 mm; Diametrul lamei: 100 mm; Grosimea de t\u0103iere: 0~8mm; Putere: 80W; Baterie: 12V; Tensiune: 220V \/ 50Hz.<\/p>\n","protected":false},"featured_media":37003,"template":"","meta":[],"_links":{"self":[{"href":"https:\/\/evotek.md\/ro\/wp-json\/wp\/v2\/product\/36982"}],"collection":[{"href":"https:\/\/evotek.md\/ro\/wp-json\/wp\/v2\/product"}],"about":[{"href":"https:\/\/evotek.md\/ro\/wp-json\/wp\/v2\/types\/product"}],"wp:featuredmedia":[{"embeddable":true,"href":"https:\/\/evotek.md\/ro\/wp-json\/wp\/v2\/media\/37003"}],"wp:attachment":[{"href":"https:\/\/evotek.md\/ro\/wp-json\/wp\/v2\/media?parent=36982"}],"curies":[{"name":"wp","href":"https:\/\/api.w.org\/{rel}","templated":true}]}}