{"id":36964,"date":"2023-05-11T11:02:05","date_gmt":"2023-05-11T11:02:05","guid":{"rendered":"https:\/\/evotek.md\/?post_type=product&#038;p=36964"},"modified":"2023-05-11T11:28:25","modified_gmt":"2023-05-11T11:28:25","slug":"ggmgastro-ks100e","status":"publish","type":"product","link":"https:\/\/evotek.md\/ro\/produse\/echipamente-pentru-fast-food\/grill-pentru-kebab\/ggmgastro-ks100e\/","title":{"rendered":"CUTIT ELECTRIC PENTRU KEBAB 10 cm -GGMGASTRO-KS100E"},"content":{"rendered":"<p><strong>CUTIT ELECTRIC PENTRU KEBAB 10 cm -GGMGASTRO-KS100E-<\/strong> Ideal pentru doner, giroscop, doner de pui si shoarmah. Piatra de ascutit inclusa. Cu\u021bitul de t\u0103iat nu este inclus.<\/p>\n<p>Caracteristici<br \/>\nDiametrul lamei: 100 mm<br \/>\nPutere medie (kW\/24h): 60 kg<br \/>\nPutere: 80W<br \/>\nDimensiuni exterioare: Lax\u00cen: 113&#215;190 mm<br \/>\nT\u0103iere precis\u0103<br \/>\nReglare u\u0219oar\u0103 a grosimii de t\u0103iere<br \/>\nProtectie la suprasarcina<br \/>\nButon Pornit\/Oprit<br \/>\nCorp din o\u021bel inoxidabil<br \/>\nM\u00e2ner antiderapant<\/p>\n","protected":false},"excerpt":{"rendered":"<p>Cu\u021bit electric pentru kebab. Diametrul lamei: 100 mm; Putere medie (kW\/24h): 60 kg; Putere: 80W; Dimensiuni exterioare: Lax\u00cen: 113&#215;190 mm; T\u0103iere precis\u0103; Reglare u\u0219oar\u0103 a grosimii de t\u0103iere; Protectie la suprasarcina; Buton Pornit\/Oprit; Corp din o\u021bel inoxidabil; M\u00e2ner antiderapant.<\/p>\n","protected":false},"featured_media":36968,"template":"","meta":[],"_links":{"self":[{"href":"https:\/\/evotek.md\/ro\/wp-json\/wp\/v2\/product\/36964"}],"collection":[{"href":"https:\/\/evotek.md\/ro\/wp-json\/wp\/v2\/product"}],"about":[{"href":"https:\/\/evotek.md\/ro\/wp-json\/wp\/v2\/types\/product"}],"wp:featuredmedia":[{"embeddable":true,"href":"https:\/\/evotek.md\/ro\/wp-json\/wp\/v2\/media\/36968"}],"wp:attachment":[{"href":"https:\/\/evotek.md\/ro\/wp-json\/wp\/v2\/media?parent=36964"}],"curies":[{"name":"wp","href":"https:\/\/api.w.org\/{rel}","templated":true}]}}