{"id":36955,"date":"2023-05-11T10:41:58","date_gmt":"2023-05-11T10:41:58","guid":{"rendered":"https:\/\/evotek.md\/?post_type=product&#038;p=36955"},"modified":"2023-05-11T10:54:50","modified_gmt":"2023-05-11T10:54:50","slug":"ggmgastro-brgbsmnp16","status":"publish","type":"product","link":"https:\/\/evotek.md\/ro\/produse\/echipamente-termice\/ggmgastro-brgbsmnp16\/","title":{"rendered":"FORME DREPTE PENTRU CURTOS, 16 BUC. -GGMGASTRO-BRGBSMNP16"},"content":{"rendered":"<p><strong>FORME DREPTE PENTRU CURTOS, 16 BUC. -GGMGASTRO-BRGBSMNP16- <\/strong><span style=\"font-size: 14.4px\">O\u021bel inoxidabil de \u00eenalt\u0103 calitate cu m\u00e2ner din lemn \u0219i rulou din lemn.<\/span><\/p>\n<p>Caracteristici<br \/>\nLungime total\u0103: 640 mm<br \/>\nLungime maner din lemn: 165 mm<br \/>\nLungime rulou din lemn: 250 mm<br \/>\nRulou din lemn \u00d8 (spate): 60 mm<br \/>\nRulou din lemn \u00d8 (fa\u021b\u0103): 46 mm<br \/>\nForma: Drept<br \/>\nUsor de curatat<br \/>\nCalitate superioar\u0103<\/p>\n","protected":false},"excerpt":{"rendered":"<p>Forme drepte pentru curtos, 16 bucati. Lungime total\u0103: 640 mm; Lungime maner din lemn: 165 mm; Lungime rulou din lemn: 250 mm; Rulou din lemn \u00d8 (spate): 60 mm; Rulou din lemn \u00d8 (fa\u021b\u0103): 46 mm; Forma: Drept; Usor de curatat; Calitate superioar\u0103.<\/p>\n","protected":false},"featured_media":36961,"template":"","meta":[],"_links":{"self":[{"href":"https:\/\/evotek.md\/ro\/wp-json\/wp\/v2\/product\/36955"}],"collection":[{"href":"https:\/\/evotek.md\/ro\/wp-json\/wp\/v2\/product"}],"about":[{"href":"https:\/\/evotek.md\/ro\/wp-json\/wp\/v2\/types\/product"}],"wp:featuredmedia":[{"embeddable":true,"href":"https:\/\/evotek.md\/ro\/wp-json\/wp\/v2\/media\/36961"}],"wp:attachment":[{"href":"https:\/\/evotek.md\/ro\/wp-json\/wp\/v2\/media?parent=36955"}],"curies":[{"name":"wp","href":"https:\/\/api.w.org\/{rel}","templated":true}]}}