{"id":36942,"date":"2023-05-11T09:17:27","date_gmt":"2023-05-11T09:17:27","guid":{"rendered":"https:\/\/evotek.md\/?post_type=product&#038;p=36942"},"modified":"2023-05-11T10:33:31","modified_gmt":"2023-05-11T10:33:31","slug":"ggmgastro-ids9","status":"publish","type":"product","link":"https:\/\/evotek.md\/ro\/produse\/echipamente-termice\/plite-cu-inductie\/ggmgastro-ids9\/","title":{"rendered":"PLITA CU INDUCTIE WOK 1 ARZATOR 3,5 kW -GGMGASTRO-IDS9"},"content":{"rendered":"<p><strong>PLITA CU INDUCTIE WOK 1 ARZATOR 3,5 kW -GGMGASTRO-IDS9-<\/strong> Economii maxime de energie: energia este radiat\u0103 doar c\u0103tre tigaie, nu c\u0103tre \u00eentreaga suprafa\u021b\u0103 a plitei. Energie semnificativ mai mic\u0103: oprire automat\u0103 imediat ce tigaia este scoas\u0103 de pe plita.<br \/>\nCea mai bun\u0103 disipare a c\u0103ldurii dintre toate sistemele: cu plitele cu induc\u021bie g\u0103ti\u021bi mai rapid. Tava este deja fierbinte \u0219i gata de utilizare \u00eentr-un timp foarte scurt.<\/p>\n<p>Plita vitroceramica<br \/>\nUsor de curatat<br \/>\nPanou de control tactil \u0219i control manual<br \/>\n1 arzator<br \/>\nDiametrul pl\u0103cii 311 mm<br \/>\nProtectie la supraincalzire<br \/>\nPicioare antiderapante<br \/>\nCorp din o\u021bel inoxidabil de \u00eenalt\u0103 calitate<\/p>\n<p>Caracteristici<br \/>\nLatime: 400 mm<br \/>\nAd\u00e2ncime: 400 mm<br \/>\nInaltime: 190 mm<br \/>\nDimensiune panou de sticla: 311&#215;311 mm<br \/>\nWok: \u00d8 460 mm<br \/>\nPutere: 3,50 kW<br \/>\nTensiune: 230V<br \/>\nFrecventa: 50 Hz<\/p>\n<p>&nbsp;<\/p>\n<p>&nbsp;<\/p>\n","protected":false},"excerpt":{"rendered":"<p>Plit\u0103 cu induc\u021bie Wok. Latime: 400 mm; Ad\u00e2ncime: 400 mm; Inaltime: 190 mm; Dimensiune panou de sticla: 311&#215;311 mm; Wok: \u00d8 460 mm; Putere: 3,50 kW; Tensiune: 230V; Frecventa: 50 Hz.<\/p>\n","protected":false},"featured_media":36949,"template":"","meta":[],"_links":{"self":[{"href":"https:\/\/evotek.md\/ro\/wp-json\/wp\/v2\/product\/36942"}],"collection":[{"href":"https:\/\/evotek.md\/ro\/wp-json\/wp\/v2\/product"}],"about":[{"href":"https:\/\/evotek.md\/ro\/wp-json\/wp\/v2\/types\/product"}],"wp:featuredmedia":[{"embeddable":true,"href":"https:\/\/evotek.md\/ro\/wp-json\/wp\/v2\/media\/36949"}],"wp:attachment":[{"href":"https:\/\/evotek.md\/ro\/wp-json\/wp\/v2\/media?parent=36942"}],"curies":[{"name":"wp","href":"https:\/\/api.w.org\/{rel}","templated":true}]}}