{"id":3694,"date":"2020-03-03T15:37:45","date_gmt":"2020-03-03T15:37:45","guid":{"rendered":"https:\/\/evotek.md\/?post_type=product&#038;p=3694"},"modified":"2020-03-03T15:37:45","modified_gmt":"2020-03-03T15:37:45","slug":"masa-din-inox-1200x600-mm-m-09300959","status":"publish","type":"product","link":"https:\/\/evotek.md\/ro\/produse\/mobila-din-inox\/mese-din-inox\/masa-din-inox-1200x600-mm-m-09300959\/","title":{"rendered":"MAS\u0102 DIN INOX -1200&#215;600 mm\/ M-09300959"},"content":{"rendered":"<p><strong>MAS\u0102 DIN INOX<\/strong> <strong>-1200&#215;600 mm\/ M-09300959- <\/strong>Mesele de lucru sunt rezistente cu blaturi\u00a0 din inox. Ele sunt u\u0219or de asamblat \u0219i u\u0219or de cur\u0103\u021bat. Tavele pot transporta 150-200 kg, iar picioarele sunt reglabile \u00een \u00een\u0103l\u021bime. Aceste mese sunt un avantaj al oric\u0103rei buc\u0103t\u0103rii profesionale. Col\u021burile sunt sudate \u0219i lustruite. Picioarele sunt reglabile pe \u00een\u0103l\u021bime.<\/p>\n<p>Caracteristici<\/p>\n<p>Dimensiunile mesei: 1200&#215;600 mm<\/p>\n<p>Capacitatea: 150-200 kg<\/p>\n<p>Picioare p\u0103trate: 40&#215;40 mm<\/p>\n<p>\u00cen\u0103l\u021bime maxim\u0103: 850-900 mm<\/p>\n<p>&nbsp;<\/p>\n<p>&nbsp;<\/p>\n","protected":false},"excerpt":{"rendered":"<p>Mas\u0103 din inox cu dimensiunea de 1200&#215;600 mm. Capacitatea: 150-200 kg; Picioare p\u0103trate: 40&#215;40 mm; \u00cen\u0103l\u021bime maxim\u0103: 850-900 mm.<\/p>\n","protected":false},"featured_media":3687,"template":"","meta":[],"_links":{"self":[{"href":"https:\/\/evotek.md\/ro\/wp-json\/wp\/v2\/product\/3694"}],"collection":[{"href":"https:\/\/evotek.md\/ro\/wp-json\/wp\/v2\/product"}],"about":[{"href":"https:\/\/evotek.md\/ro\/wp-json\/wp\/v2\/types\/product"}],"wp:featuredmedia":[{"embeddable":true,"href":"https:\/\/evotek.md\/ro\/wp-json\/wp\/v2\/media\/3687"}],"wp:attachment":[{"href":"https:\/\/evotek.md\/ro\/wp-json\/wp\/v2\/media?parent=3694"}],"curies":[{"name":"wp","href":"https:\/\/api.w.org\/{rel}","templated":true}]}}