{"id":36928,"date":"2023-05-11T08:15:09","date_gmt":"2023-05-11T08:15:09","guid":{"rendered":"https:\/\/evotek.md\/?post_type=product&#038;p=36928"},"modified":"2023-06-12T11:44:58","modified_gmt":"2023-06-12T11:44:58","slug":"ggmgastro-ids24","status":"publish","type":"product","link":"https:\/\/evotek.md\/ro\/produse\/echipamente-termice\/plite-cu-inductie\/ggmgastro-ids24\/","title":{"rendered":"PLITA CU INDUCTIE -GGMGASTRO-IDS2#4"},"content":{"rendered":"<p><strong>PLITA CU INDUCTIE -GGMGASTRO-IDS2#4<\/strong>&#8211; Economii maxime de energie: energia este radiata doar catre tigaie, nu pe toata suprafata plitei. Energie semnificativ mai mic\u0103: oprire automat\u0103 imediat\u0103 imediat ce tigaia este scoas\u0103 de pe aragaz.<br \/>\nCea mai bun\u0103 disipare a c\u0103ldurii dintre toate sistemele: cu plitele cu induc\u021bie g\u0103ti\u021bi mai repede dec\u00e2t oricine altcineva. Tava este deja fierbinte \u0219i gata de utilizare \u00eentr-un timp foarte scurt<\/p>\n<p>Facilitati:<br \/>\nplita vitroceramica<br \/>\nDispozitiv \u00eencorporat<br \/>\nPoate fi folosit \u0219i ca unitate de mas\u0103<br \/>\nUsor de curatat<br \/>\nPanou de control tactil \u0219i control manual<br \/>\nComutator de timp<br \/>\nPanou de control extern<\/p>\n<p>Caracteristici<br \/>\nLatime: 400 mm<br \/>\nAd\u00e2ncime: 400 mm<br \/>\nInaltime: 125 mm<br \/>\nDimensiune panou de sticla: 300&#215;300 mm<br \/>\nPutere totala: 3,50 kW<br \/>\nTensiune: 230V<br \/>\nConexiune electrica: 1N\/PE \/ N \/ PE 230 Volt \/ 50 Hz<br \/>\nProtectie la supraincalzire<br \/>\nPicioare antiderapante<br \/>\nCorp din o\u021bel inoxidabil<\/p>\n","protected":false},"excerpt":{"rendered":"<p>Plita cu inductie de mas\u0103. Latime: 400 mm; Ad\u00e2ncime: 400 mm; Inaltime: 125 mm; Dimensiune panou de sticla: 300&#215;300 mm; Putere totala: 3,50 kW; Tensiune: 230V; Conexiune electrica: 1N\/PE \/ N \/ PE 230 Volt \/ 50 Hz; Protectie la supraincalzire; Picioare antiderapante; Corp din o\u021bel inoxidabil.<\/p>\n","protected":false},"featured_media":37765,"template":"","meta":[],"_links":{"self":[{"href":"https:\/\/evotek.md\/ro\/wp-json\/wp\/v2\/product\/36928"}],"collection":[{"href":"https:\/\/evotek.md\/ro\/wp-json\/wp\/v2\/product"}],"about":[{"href":"https:\/\/evotek.md\/ro\/wp-json\/wp\/v2\/types\/product"}],"wp:featuredmedia":[{"embeddable":true,"href":"https:\/\/evotek.md\/ro\/wp-json\/wp\/v2\/media\/37765"}],"wp:attachment":[{"href":"https:\/\/evotek.md\/ro\/wp-json\/wp\/v2\/media?parent=36928"}],"curies":[{"name":"wp","href":"https:\/\/api.w.org\/{rel}","templated":true}]}}