{"id":36906,"date":"2023-05-10T14:48:10","date_gmt":"2023-05-10T14:50:36","guid":{"rendered":"https:\/\/evotek.md\/?post_type=product&#038;p=36906"},"modified":"2023-05-10T14:50:36","modified_gmt":"2023-05-10T14:50:36","slug":"mychef-tis8k1e2","status":"publish","type":"product","link":"https:\/\/evotek.md\/ro\/produse\/fara-categorie\/mychef-tis8k1e2\/","title":{"rendered":"AMBALATOR VACUUM CU CAMERA (PUNGI NETEDE) 315 mm MYCHEF-TIS8K1E2"},"content":{"rendered":"<p><strong>AMBALATOR VACUUM CU CAMERA (PUNGI NETEDE) 315 mm MYCHEF-TIS8K1E2-<\/strong> Dispozitiv de etan\u0219are cu vid cu camer\u0103 complet automat pentru profesioni\u0219ti din buc\u0103t\u0103rii comerciale, restaurante, magazine sau abatoare.<br \/>\nUn aparat de etan\u0219are \u00een vid absolut fantastic de la premiatul Mychef, cu o func\u021bie automat\u0103 unic\u0103. Singurul aparat de etan\u0219are \u00een vid de pe pia\u021b\u0103 cu func\u021bie 100% automat\u0103 pentru rezultate perfecte cu fiecare pachet. iSENSOR poate fi rulat \u0219i \u00een modul manual dac\u0103 dori\u021bi s\u0103 seta\u021bi personal anumi\u021bi parametri pentru produsul dvs. Sau dac\u0103 dori\u021bi s\u0103 v\u0103 dezl\u0103n\u021bui\u021bi creativitatea cu alte metode precum marinarea sau aromatizarea folosind ambalarea \u00een vid. De asemenea, este posibil s\u0103 se creeze \u0219i s\u0103 se men\u021bin\u0103 un vid constant \u00een camer\u0103. Unde pute\u021bi experimenta cu vidul pentru o perioad\u0103 mai lung\u0103 de timp f\u0103r\u0103 ambalare.<\/p>\n<p>Caracteristici<br \/>\nLungime sudare: 315 mm<br \/>\nPompa de vid: Busch, 8 m3\/h<br \/>\nPutere: 0,25 kW<br \/>\nConexiune la retea: 230 V \/ monofazat \/ 50\/60 Hz<br \/>\nDimensiuni: 388x546x389 mm<br \/>\nDimensiuni interioare: 328x385x162 mm<br \/>\nGreutate: 36 kg<\/p>\n","protected":false},"excerpt":{"rendered":"<p>Ambalator vacuum. Lungime sudare: 315 mm; Pompa de vid: Busch, 8 m3\/h; Putere: 0,25 kW; Conexiune la retea: 230 V \/ monofazat \/ 50\/60 Hz; Dimensiuni: 388x546x389 mm; Dimensiuni interioare: 328x385x162 mm; Greutate: 36 kg.<\/p>\n","protected":false},"featured_media":36903,"template":"","meta":[],"_links":{"self":[{"href":"https:\/\/evotek.md\/ro\/wp-json\/wp\/v2\/product\/36906"}],"collection":[{"href":"https:\/\/evotek.md\/ro\/wp-json\/wp\/v2\/product"}],"about":[{"href":"https:\/\/evotek.md\/ro\/wp-json\/wp\/v2\/types\/product"}],"wp:featuredmedia":[{"embeddable":true,"href":"https:\/\/evotek.md\/ro\/wp-json\/wp\/v2\/media\/36903"}],"wp:attachment":[{"href":"https:\/\/evotek.md\/ro\/wp-json\/wp\/v2\/media?parent=36906"}],"curies":[{"name":"wp","href":"https:\/\/api.w.org\/{rel}","templated":true}]}}