{"id":36887,"date":"2023-05-10T14:10:27","date_gmt":"2023-05-10T14:39:21","guid":{"rendered":"https:\/\/evotek.md\/?post_type=product&#038;p=36887"},"modified":"2023-07-18T09:23:38","modified_gmt":"2023-07-18T09:23:38","slug":"mychef-qt11fn0d","status":"publish","type":"product","link":"https:\/\/evotek.md\/ro\/produse\/fara-categorie\/mychef-qt11fn0d\/","title":{"rendered":"CUPTOR EXPRESS Quick 1T MYCHEF-QT11FN0D"},"content":{"rendered":"<p><strong>CUPTOR EXPRESS Quick 1T MYCHEF-QT11FN0D-<\/strong> Cuptorul de mare vitez\u0103 Mychef combin\u0103 dou\u0103 tehnici de g\u0103tit rapid sub forma tehnicii de \u00eenc\u0103lzire prin convec\u021bie (setarea temperaturii de la 100\u00baC la 275\u00baC \u00een trepte de 1\u00baC) \u0219i sistemul de distribu\u021bie a aerului 3D.<\/p>\n<p>Accesorii incluse: Plit\u0103 plat\u0103, Tav\u0103 de copt din aluminiu, Co\u0219 cu fund plat: dimensiune complet\u0103, Plit\u0103 cu acoperire antiaderent\u0103.<\/p>\n<p>Combin\u0103 2 tehnologii de \u00eenc\u0103lzire:<br \/>\n&#8211; Sistem de distribu\u021bie a aerului 3D Impingement;<br \/>\n&#8211; Convec\u021bie (setarea temperaturii de la 100C la 275C \u00een trepte de 1C);<\/p>\n<p>Caracteristici<br \/>\nPrograme + Comenzi rapide D\u00b1: 1024+32<br \/>\nDimensiuni camera (LxPxH): 310x310x138 mm<br \/>\nCapacitate: 1 nivel<br \/>\nDimensiuni totale (LxPxA): 397x598x410 mm<br \/>\nRecomandat pentru: 20 de portii pe ora<br \/>\nPutere: 3,6 kW<br \/>\nTensiune (V\/F\/Hz): 230V\/L+N\/50-60<\/p>\n","protected":false},"excerpt":{"rendered":"<p>Cuptorul de mare vitez\u0103. Programe + Comenzi rapide D\u00b1: 1024+32; Dimensiuni camera (LxPxH): 310x310x138 mm; Capacitate: 1 nivel; Dimensiuni totale (LxPxA): 397x598x410 mm; Recomandat pentru: 20 de portii pe ora; Putere: 3,6 kW; Tensiune (V\/F\/Hz): 230V\/L+N\/50-60.<\/p>\n","protected":false},"featured_media":36886,"template":"","meta":[],"_links":{"self":[{"href":"https:\/\/evotek.md\/ro\/wp-json\/wp\/v2\/product\/36887"}],"collection":[{"href":"https:\/\/evotek.md\/ro\/wp-json\/wp\/v2\/product"}],"about":[{"href":"https:\/\/evotek.md\/ro\/wp-json\/wp\/v2\/types\/product"}],"wp:featuredmedia":[{"embeddable":true,"href":"https:\/\/evotek.md\/ro\/wp-json\/wp\/v2\/media\/36886"}],"wp:attachment":[{"href":"https:\/\/evotek.md\/ro\/wp-json\/wp\/v2\/media?parent=36887"}],"curies":[{"name":"wp","href":"https:\/\/api.w.org\/{rel}","templated":true}]}}