{"id":3683,"date":"2020-03-03T15:33:11","date_gmt":"2020-03-03T15:33:11","guid":{"rendered":"https:\/\/evotek.md\/?post_type=product&#038;p=3683"},"modified":"2020-03-03T15:33:11","modified_gmt":"2020-03-03T15:33:11","slug":"carucior-pentru-transportare-si-depozitare-16x60x40-cm-m-09300548","status":"publish","type":"product","link":"https:\/\/evotek.md\/ro\/produse\/mobila-din-inox\/carucioare-pentru-transportare-si-depozitare\/carucior-pentru-transportare-si-depozitare-16x60x40-cm-m-09300548\/","title":{"rendered":"C\u0102RUCIOR PENTRU TRANSPORTARE \u0218I DEPOZITARE -16x60x40 CM\/M-09300548"},"content":{"rendered":"<p><strong>C\u0102RUCIOR PENTRU TRANSPORTARE \u0218I DEPOZITARE<\/strong> <strong>-16x60x40 CM\/M-09300548- <\/strong>C\u0103rucioarele pentru tave din inox sunt durabile, u\u0219or de asamblat \u0219i de cur\u0103\u021bat. C\u0103ruciorul are 4 ro\u021bi, dou\u0103 dintre ele sunt cu fr\u00e2n\u0103. Picioarele au bare de protec\u021bie. C\u0103ruciorul este echipat cu 16 rafturi pentru recipiente gastronomice cu o dimensiune de 60&#215;40 cm; Rafturile au margini curbate; Col\u021burile sunt sudate \u0219i lustruite, f\u0103r\u0103 margini ascu\u021bite.<\/p>\n<p>Caracteristici<\/p>\n<p>Dimensiuni: 540x680x1735 mm<\/p>\n<p>Diametrul conductei: 25 mm<\/p>\n<p>Distan\u021ba dintre tave: 85 mm<\/p>\n<p>Echipat cu 16 rafturi pentru recipiente gastronomice de 60&#215;40 cm.<\/p>\n<p>Greutate net\u0103: 20 kg<\/p>\n<p>&nbsp;<\/p>\n","protected":false},"excerpt":{"rendered":"<p>C\u0103rucior pentru transportare \u0219i depozitare 16x60x40. Dimensiuni: 540x680x1735 mm; Conductele cu diametrul: 25 mm; Distan\u021ba dintre tave: 85 mm; Echipat cu 16 rafturi pentru recipiente gastronomice cu dimensiunile de 60&#215;40 cm; Greutate net\u0103: 20 kg.<\/p>\n","protected":false},"featured_media":3676,"template":"","meta":[],"_links":{"self":[{"href":"https:\/\/evotek.md\/ro\/wp-json\/wp\/v2\/product\/3683"}],"collection":[{"href":"https:\/\/evotek.md\/ro\/wp-json\/wp\/v2\/product"}],"about":[{"href":"https:\/\/evotek.md\/ro\/wp-json\/wp\/v2\/types\/product"}],"wp:featuredmedia":[{"embeddable":true,"href":"https:\/\/evotek.md\/ro\/wp-json\/wp\/v2\/media\/3676"}],"wp:attachment":[{"href":"https:\/\/evotek.md\/ro\/wp-json\/wp\/v2\/media?parent=3683"}],"curies":[{"name":"wp","href":"https:\/\/api.w.org\/{rel}","templated":true}]}}