{"id":36802,"date":"2023-05-08T14:21:19","date_gmt":"2023-05-08T14:21:19","guid":{"rendered":"https:\/\/evotek.md\/?post_type=product&#038;p=36802"},"modified":"2023-06-16T08:57:03","modified_gmt":"2023-06-16T08:57:03","slug":"igloo-z0599","status":"publish","type":"product","link":"https:\/\/evotek.md\/ro\/produse\/echipamente-frigorifice\/vitrine-frigorifice-pentru-patiserie\/igloo-z0599\/","title":{"rendered":"VITRINA FRIGORIFICA SUMBA 1.0 -IGLOO-Z0599"},"content":{"rendered":"<p><strong>VITRINA FRIGORIFICA SUMBA 1.0 -IGLOO-Z0599-<br \/>\n<\/strong><\/p>\n<p>Facilitati<br \/>\n&#8211; laturi izolate din plastic + laturi din sticla &#8211; alegerea culorii (model IGLOO)<br \/>\n&#8211; unitate frigorific\u0103 intern\u0103<br \/>\n&#8211; racire gravitationala (doua evaporatoare)<br \/>\n&#8211; carcasa finisata cu baza de otel pe partea personalului din otel vopsit alb<br \/>\n&#8211; capac din tabl\u0103 pe baz\u0103 \u0219i panou frontal inferior din metal acoperit color &#8211; alegere de culoare (model IGLOO)<br \/>\n&#8211; Izola\u021bie cu spum\u0103 poliuretanic\u0103 ecologic\u0103<br \/>\n&#8211; zona de expunere din inox<br \/>\n&#8211; o camer\u0103 de depozitare din o\u021bel cu un strat de polimer alb<br \/>\n&#8211; u\u0219ile din spate ale compartimentului de depozitare &#8211; culisante (\u00een modulul 1.0 \u0219i col\u021buri &#8211; cu balamale)<br \/>\n&#8211; blat din granit gri (grosime 20 mm)<br \/>\n&#8211; suportul interior si profilele sunt realizate din profil de aluminiu anodizat de culoare argintie sau aurie (sablon IGLOO)<br \/>\n&#8211; sticla dreapta fata cu sistem de deschidere<br \/>\n&#8211; jaluzele de noapte din plexiglas<br \/>\n&#8211; lamp\u0103 LED (culoare la alegere: alb, cofet\u0103rie sau carne &#8220;roz intens&#8221;)<br \/>\n&#8211; racire dinamica &#8211; interval de temperatura: +2 \u00f7 +10oC<br \/>\n&#8211; dezghetare automata<br \/>\n&#8211; dezghe\u021bare automat\u0103 a condensului (evaporator de gaz)<br \/>\n-unitate de control electronic cu indicare digitala a temperaturii (IGLOO)<br \/>\n&#8211; un semnal sonor care informeaz\u0103 despre contaminarea condensatorului sau blocarea ventilatorului<\/p>\n<p>Caracteristici<br \/>\nInterval de temperatur\u0103: +3\u00baC\/+10\u00baC<br \/>\nUnitate: intern\u0103<br \/>\nAgent frigorific: R134a \/ R290<br \/>\nLungime: 1060 mm<br \/>\n\u00cen\u0103l\u021bime: 1260+\/10mm<br \/>\nAd\u00e2ncime: 940 mm<br \/>\nCapacitate utila: 120 dm3<br \/>\nSuprafata expozitie: 0,65 m2<br \/>\nInterval de temperatur\u0103 de func\u021bionare a echipamentului: (+3 \u00b1 +10\u00b0C)<br \/>\nClasa de eficienta energetica: E<br \/>\nTensiune nominal\u0103: 230\/50Hz<br \/>\nPutere nominala: 242W<\/p>\n","protected":false},"excerpt":{"rendered":"<p>Vitrina frigorifica. Interval de temperatur\u0103: +3\u00baC\/+10\u00baC; Unitate: intern\u0103; Agent frigorific: R134a \/ R290; Lungime: 1060 mm; \u00cen\u0103l\u021bime: 1260+\/10mm; Ad\u00e2ncime: 940 mm; Capacitate utila: 120 dm3; Suprafata expozitie: 0,65 m2; Interval de temperatur\u0103 de func\u021bionare a echipamentului: (+3 \u00b1 +10\u00b0C); Clasa de eficienta energetica: E; Tensiune nominal\u0103: 230\/50Hz; Putere nominala: 242W.<\/p>\n","protected":false},"featured_media":36805,"template":"","meta":[],"_links":{"self":[{"href":"https:\/\/evotek.md\/ro\/wp-json\/wp\/v2\/product\/36802"}],"collection":[{"href":"https:\/\/evotek.md\/ro\/wp-json\/wp\/v2\/product"}],"about":[{"href":"https:\/\/evotek.md\/ro\/wp-json\/wp\/v2\/types\/product"}],"wp:featuredmedia":[{"embeddable":true,"href":"https:\/\/evotek.md\/ro\/wp-json\/wp\/v2\/media\/36805"}],"wp:attachment":[{"href":"https:\/\/evotek.md\/ro\/wp-json\/wp\/v2\/media?parent=36802"}],"curies":[{"name":"wp","href":"https:\/\/api.w.org\/{rel}","templated":true}]}}