{"id":36797,"date":"2023-05-08T14:07:45","date_gmt":"2023-05-08T14:07:45","guid":{"rendered":"https:\/\/evotek.md\/?post_type=product&#038;p=36797"},"modified":"2025-04-07T14:21:41","modified_gmt":"2025-04-07T14:21:41","slug":"igloo-z0598","status":"publish","type":"product","link":"https:\/\/evotek.md\/ro\/produse\/echipamente-frigorifice\/vitrine-frigorifice-pentru-patiserie\/igloo-z0598\/","title":{"rendered":"VITRINA FRIGORIFICA WYSPA FRESH 150 -IGLOO-Z0598"},"content":{"rendered":"<p><strong>VITRINA FRIGORIFICA WYSPA FRESH 150 -IGLOO-Z0598- <\/strong><br \/>\nAvantaje<br \/>\n&#8211; unitate frigorific\u0103 intern\u0103<br \/>\n&#8211; racire dinamica<br \/>\n&#8211; izola\u021bie cu spum\u0103 poliuretanic\u0103 ecologic\u0103<br \/>\n&#8211; dezghetare automata a condensului<br \/>\n-unitate de control electronic cu indicare digitala a temperaturii (IGLOO)<br \/>\n&#8211; un semnal sonor care informeaz\u0103 despre contaminarea condensatorului sau blocarea ventilatorului<\/p>\n<p>Caracteristici<br \/>\nInterval de temperatur\u0103: +4\u00baC\/+6\u00baC<br \/>\nUnitate: intern\u0103<br \/>\nAgent frigorific: R448A<br \/>\nLungime: 1500 mm<br \/>\n\u00cen\u0103l\u021bime: 1540+\/10mm<br \/>\nAd\u00e2ncime: 1050 mm<br \/>\nTensiune nominal\u0103: 230\/50Hz V<\/p>\n","protected":false},"excerpt":{"rendered":"<p>Vitrina frigorifica. Interval de temperatur\u0103: +4\u00baC\/+6\u00baC; Unitate: intern\u0103; Agent frigorific: R448A; Lungime: 1500 mm; \u00cen\u0103l\u021bime: 1540+\/10mm; Ad\u00e2ncime: 1050 mm; Tensiune nominal\u0103: 230\/50Hz V.<\/p>\n","protected":false},"featured_media":36800,"template":"","meta":[],"_links":{"self":[{"href":"https:\/\/evotek.md\/ro\/wp-json\/wp\/v2\/product\/36797"}],"collection":[{"href":"https:\/\/evotek.md\/ro\/wp-json\/wp\/v2\/product"}],"about":[{"href":"https:\/\/evotek.md\/ro\/wp-json\/wp\/v2\/types\/product"}],"wp:featuredmedia":[{"embeddable":true,"href":"https:\/\/evotek.md\/ro\/wp-json\/wp\/v2\/media\/36800"}],"wp:attachment":[{"href":"https:\/\/evotek.md\/ro\/wp-json\/wp\/v2\/media?parent=36797"}],"curies":[{"name":"wp","href":"https:\/\/api.w.org\/{rel}","templated":true}]}}