{"id":36788,"date":"2023-05-08T13:30:35","date_gmt":"2023-05-08T13:33:23","guid":{"rendered":"https:\/\/evotek.md\/?post_type=product&#038;p=36788"},"modified":"2023-05-08T14:05:02","modified_gmt":"2023-05-08T14:05:02","slug":"igloo-z0595","status":"publish","type":"product","link":"https:\/\/evotek.md\/ro\/produse\/echipamente-frigorifice\/vitrine-frigorifice-pentru-patiserie\/igloo-z0595\/","title":{"rendered":"VITRINA FRIGORIFICA PENTRU PATISERIE CUBE 0,9W 2P -IGLOO-Z0595"},"content":{"rendered":"<p><strong>VITRINA FRIGORIFICA PENTRU PATISERIE CUBE 0,9W 2P -IGLOO-Z0595-<\/strong> 2 rafturi din sticl\u0103 de expunere pe suport (\u00een\u0103l\u021bime 1195 mm)<\/p>\n<p>Caracteristici<br \/>\nInterval de temperatur\u0103: +5\u00baC\/+15\u00baC<br \/>\nUnitate: intern\u0103<br \/>\nLungime: 910 mm<br \/>\n\u00cen\u0103l\u021bime: 1380+\/-10 mm<br \/>\nAd\u00e2ncime: 835 mm<br \/>\nCapacitate utila: 550 dmc<br \/>\nSuprafata expozitie: 1,74 m2<br \/>\nClasa de eficienta energetica: D<br \/>\nAgent frigorific: R134a \/ R290<br \/>\nTensiune nominal\u0103: 230\/50Hz V<br \/>\nPutere nominala: 807 W<\/p>\n","protected":false},"excerpt":{"rendered":"<p>Vitrina frigorifica pentru patiserie. Interval de temperatur\u0103: +5\u00baC\/+15\u00baC; Unitate: intern\u0103; Lungime: 910 mm; \u00cen\u0103l\u021bime: 1380+\/-10 mm; Ad\u00e2ncime: 835 mm; Capacitate utila: 550 dmc; Suprafata expozitie: 1,74 m2; Clasa de eficienta energetica: D; Agent frigorific: R134a \/ R290; Tensiune nominal\u0103: 230\/50Hz V; Putere nominala: 807 W.<\/p>\n","protected":false},"featured_media":36787,"template":"","meta":[],"_links":{"self":[{"href":"https:\/\/evotek.md\/ro\/wp-json\/wp\/v2\/product\/36788"}],"collection":[{"href":"https:\/\/evotek.md\/ro\/wp-json\/wp\/v2\/product"}],"about":[{"href":"https:\/\/evotek.md\/ro\/wp-json\/wp\/v2\/types\/product"}],"wp:featuredmedia":[{"embeddable":true,"href":"https:\/\/evotek.md\/ro\/wp-json\/wp\/v2\/media\/36787"}],"wp:attachment":[{"href":"https:\/\/evotek.md\/ro\/wp-json\/wp\/v2\/media?parent=36788"}],"curies":[{"name":"wp","href":"https:\/\/api.w.org\/{rel}","templated":true}]}}