{"id":36781,"date":"2023-05-08T10:23:16","date_gmt":"2023-05-08T12:27:08","guid":{"rendered":"https:\/\/evotek.md\/?post_type=product&#038;p=36781"},"modified":"2024-01-16T11:21:19","modified_gmt":"2024-01-16T11:21:19","slug":"rollmatic-dr-a-22","status":"publish","type":"product","link":"https:\/\/evotek.md\/ro\/produse\/echipamente-electromecanice\/masina-de-modelat-aluat-rotund\/rollmatic-dr-a-22\/","title":{"rendered":"DIVIZATOR ROTUNJITOR DE ALUAT, AUTOMAT 400 V -Rollmatic DR-A\/22"},"content":{"rendered":"<p><strong>DIVIZATOR ROTUNJITOR DE ALUAT, AUTOMAT 400 V -Rollmatic DR-A\/22-<\/strong> Ma\u0219in\u0103 automat\u0103 de divizat si rotungit aluat cu trei cilindri. Echipat cu ecran tactil de 4,5&#8243;, 12 programe de memorie cu posibilitatea de a programa parametrii de presare, deschiderea camerei \u0219i timpul de rotunjire. Divizorul este echipat \u0219i cu program de cur\u0103\u021bare. O tav\u0103 cu p\u00e2rghie se comand\u0103 separat (op\u021bional), acesta v\u0103 permite s\u0103 ridica\u021bi \u0219i s\u0103 muta\u021bi cu u\u0219urin\u021b\u0103 ma\u0219ina echipat\u0103 cu ro\u021bi pentru a facilita cur\u0103\u021barea podelei.<\/p>\n<p>Caracteristici<br \/>\nGreutate por\u021bie: 50-220 g<br \/>\nCapacitate bol: 4 kg<br \/>\nConsum de energie: 0,75 kW, 400V<br \/>\nLatime: 658 mm<br \/>\nAd\u00e2ncime: 665 mm<br \/>\nInaltime: 1455 mm<br \/>\nGreutate neta: 255 kg<br \/>\nSistem de alimentare: 400\/3N\/50V\/F\/Hz<\/p>\n","protected":false},"excerpt":{"rendered":"<p>Divizator rotunjitor automat de aluat. Greutate por\u021bie: 50-220 g; Capacitate bol: 4 kg; Consum de energie: 0,75 kW; Latime: 658 mm; Ad\u00e2ncime: 665 mm; Inaltime: 1455 mm; Greutate neta: 255 kg; Sistem de alimentare: 400\/3N\/50V\/F\/Hz.<\/p>\n","protected":false},"featured_media":36776,"template":"","meta":[],"_links":{"self":[{"href":"https:\/\/evotek.md\/ro\/wp-json\/wp\/v2\/product\/36781"}],"collection":[{"href":"https:\/\/evotek.md\/ro\/wp-json\/wp\/v2\/product"}],"about":[{"href":"https:\/\/evotek.md\/ro\/wp-json\/wp\/v2\/types\/product"}],"wp:featuredmedia":[{"embeddable":true,"href":"https:\/\/evotek.md\/ro\/wp-json\/wp\/v2\/media\/36776"}],"wp:attachment":[{"href":"https:\/\/evotek.md\/ro\/wp-json\/wp\/v2\/media?parent=36781"}],"curies":[{"name":"wp","href":"https:\/\/api.w.org\/{rel}","templated":true}]}}